{"id":136,"date":"2019-06-10T18:37:12","date_gmt":"2019-06-10T16:37:12","guid":{"rendered":"http:\/\/lea-osteopathie.fr\/?page_id=136"},"modified":"2026-01-30T12:02:09","modified_gmt":"2026-01-30T11:02:09","slug":"tarifs-remboursement","status":"publish","type":"page","link":"https:\/\/lea-osteopathie.fr\/?page_id=136","title":{"rendered":"Tarifs &#8211; Remboursement"},"content":{"rendered":"\t\t<div data-elementor-type=\"wp-post\" data-elementor-id=\"136\" class=\"elementor elementor-136\">\n\t\t\t\t\t\t<section class=\"elementor-section elementor-top-section elementor-element elementor-element-9c9f33a elementor-section-boxed elementor-section-height-default elementor-section-height-default\" data-id=\"9c9f33a\" data-element_type=\"section\">\n\t\t\t\t\t\t<div class=\"elementor-container elementor-column-gap-default\">\n\t\t\t\t\t<div class=\"elementor-column elementor-col-100 elementor-top-column elementor-element elementor-element-a464ced\" data-id=\"a464ced\" data-element_type=\"column\">\n\t\t\t<div class=\"elementor-widget-wrap elementor-element-populated\">\n\t\t\t\t\t\t<div class=\"elementor-element elementor-element-892ca08 elementor-widget elementor-widget-image\" data-id=\"892ca08\" data-element_type=\"widget\" data-widget_type=\"image.default\">\n\t\t\t\t<div class=\"elementor-widget-container\">\n\t\t\t\t\t\t\t\t\t\t\t\t\t<img fetchpriority=\"high\" decoding=\"async\" width=\"724\" height=\"1024\" src=\"https:\/\/lea-osteopathie.fr\/wp-content\/uploads\/2026\/01\/Osteopathie-Note-dhonoraire-2026-724x1024.png\" class=\"attachment-large size-large wp-image-1702\" alt=\"\" srcset=\"https:\/\/lea-osteopathie.fr\/wp-content\/uploads\/2026\/01\/Osteopathie-Note-dhonoraire-2026-724x1024.png 724w, https:\/\/lea-osteopathie.fr\/wp-content\/uploads\/2026\/01\/Osteopathie-Note-dhonoraire-2026-212x300.png 212w, https:\/\/lea-osteopathie.fr\/wp-content\/uploads\/2026\/01\/Osteopathie-Note-dhonoraire-2026-768x1086.png 768w, https:\/\/lea-osteopathie.fr\/wp-content\/uploads\/2026\/01\/Osteopathie-Note-dhonoraire-2026.png 1414w\" sizes=\"(max-width: 724px) 100vw, 724px\" \/>\t\t\t\t\t\t\t\t\t\t\t\t\t<\/div>\n\t\t\t\t<\/div>\n\t\t\t\t\t<\/div>\n\t\t<\/div>\n\t\t\t\t\t<\/div>\n\t\t<\/section>\n\t\t\t\t<section class=\"elementor-section elementor-top-section elementor-element elementor-element-7ac0b16 elementor-section-boxed elementor-section-height-default elementor-section-height-default\" data-id=\"7ac0b16\" data-element_type=\"section\">\n\t\t\t\t\t\t<div class=\"elementor-container elementor-column-gap-default\">\n\t\t\t\t\t<div class=\"elementor-column elementor-col-100 elementor-top-column elementor-element elementor-element-d7d2dd0\" data-id=\"d7d2dd0\" data-element_type=\"column\">\n\t\t\t<div class=\"elementor-widget-wrap elementor-element-populated\">\n\t\t\t\t\t\t<div class=\"elementor-element elementor-element-4a573db elementor-widget elementor-widget-text-editor\" data-id=\"4a573db\" data-element_type=\"widget\" data-widget_type=\"text-editor.default\">\n\t\t\t\t<div class=\"elementor-widget-container\">\n\t\t\t\t\t\t\t<p>Illustration : MarieAimePassionn\u00e9ment<\/p>\t\t\t\t\t\t<\/div>\n\t\t\t\t<\/div>\n\t\t\t\t\t<\/div>\n\t\t<\/div>\n\t\t\t\t\t<\/div>\n\t\t<\/section>\n\t\t\t\t<section class=\"elementor-section elementor-top-section elementor-element elementor-element-d0a58e4 elementor-section-boxed elementor-section-height-default elementor-section-height-default\" data-id=\"d0a58e4\" data-element_type=\"section\">\n\t\t\t\t\t\t<div class=\"elementor-container elementor-column-gap-default\">\n\t\t\t\t\t<div class=\"elementor-column elementor-col-33 elementor-top-column elementor-element elementor-element-de09154\" data-id=\"de09154\" data-element_type=\"column\">\n\t\t\t<div class=\"elementor-widget-wrap elementor-element-populated\">\n\t\t\t\t\t\t<div class=\"elementor-element elementor-element-b19e08a elementor-widget elementor-widget-image\" data-id=\"b19e08a\" data-element_type=\"widget\" data-widget_type=\"image.default\">\n\t\t\t\t<div class=\"elementor-widget-container\">\n\t\t\t\t\t\t\t\t\t\t\t\t\t<img decoding=\"async\" width=\"683\" height=\"1024\" src=\"https:\/\/lea-osteopathie.fr\/wp-content\/uploads\/2023\/10\/Lea-Buhler-Osteopathe-64-683x1024.jpg\" class=\"attachment-large size-large wp-image-1175\" alt=\"\" srcset=\"https:\/\/lea-osteopathie.fr\/wp-content\/uploads\/2023\/10\/Lea-Buhler-Osteopathe-64-683x1024.jpg 683w, https:\/\/lea-osteopathie.fr\/wp-content\/uploads\/2023\/10\/Lea-Buhler-Osteopathe-64-200x300.jpg 200w, https:\/\/lea-osteopathie.fr\/wp-content\/uploads\/2023\/10\/Lea-Buhler-Osteopathe-64-768x1152.jpg 768w, https:\/\/lea-osteopathie.fr\/wp-content\/uploads\/2023\/10\/Lea-Buhler-Osteopathe-64-1024x1536.jpg 1024w, https:\/\/lea-osteopathie.fr\/wp-content\/uploads\/2023\/10\/Lea-Buhler-Osteopathe-64-1365x2048.jpg 1365w, https:\/\/lea-osteopathie.fr\/wp-content\/uploads\/2023\/10\/Lea-Buhler-Osteopathe-64-scaled.jpg 1707w\" sizes=\"(max-width: 683px) 100vw, 683px\" \/>\t\t\t\t\t\t\t\t\t\t\t\t\t<\/div>\n\t\t\t\t<\/div>\n\t\t\t\t\t<\/div>\n\t\t<\/div>\n\t\t\t\t<div class=\"elementor-column elementor-col-33 elementor-top-column elementor-element elementor-element-f301a43\" data-id=\"f301a43\" data-element_type=\"column\">\n\t\t\t<div class=\"elementor-widget-wrap elementor-element-populated\">\n\t\t\t\t\t\t<div class=\"elementor-element elementor-element-dbcbd43 elementor-widget elementor-widget-image\" data-id=\"dbcbd43\" data-element_type=\"widget\" data-widget_type=\"image.default\">\n\t\t\t\t<div class=\"elementor-widget-container\">\n\t\t\t\t\t\t\t\t\t\t\t\t\t<img decoding=\"async\" width=\"683\" height=\"1024\" src=\"https:\/\/lea-osteopathie.fr\/wp-content\/uploads\/2023\/10\/Lea-Buhler-Osteopathe-66-683x1024.jpg\" class=\"attachment-large size-large wp-image-1177\" alt=\"\" srcset=\"https:\/\/lea-osteopathie.fr\/wp-content\/uploads\/2023\/10\/Lea-Buhler-Osteopathe-66-683x1024.jpg 683w, https:\/\/lea-osteopathie.fr\/wp-content\/uploads\/2023\/10\/Lea-Buhler-Osteopathe-66-200x300.jpg 200w, https:\/\/lea-osteopathie.fr\/wp-content\/uploads\/2023\/10\/Lea-Buhler-Osteopathe-66-768x1152.jpg 768w, https:\/\/lea-osteopathie.fr\/wp-content\/uploads\/2023\/10\/Lea-Buhler-Osteopathe-66-1024x1536.jpg 1024w, https:\/\/lea-osteopathie.fr\/wp-content\/uploads\/2023\/10\/Lea-Buhler-Osteopathe-66-1365x2048.jpg 1365w, https:\/\/lea-osteopathie.fr\/wp-content\/uploads\/2023\/10\/Lea-Buhler-Osteopathe-66-scaled.jpg 1707w\" sizes=\"(max-width: 683px) 100vw, 683px\" \/>\t\t\t\t\t\t\t\t\t\t\t\t\t<\/div>\n\t\t\t\t<\/div>\n\t\t\t\t\t<\/div>\n\t\t<\/div>\n\t\t\t\t<div class=\"elementor-column elementor-col-33 elementor-top-column elementor-element elementor-element-4764de0\" data-id=\"4764de0\" data-element_type=\"column\">\n\t\t\t<div class=\"elementor-widget-wrap elementor-element-populated\">\n\t\t\t\t\t\t<div class=\"elementor-element elementor-element-269ca3a elementor-widget elementor-widget-image\" data-id=\"269ca3a\" data-element_type=\"widget\" data-widget_type=\"image.default\">\n\t\t\t\t<div class=\"elementor-widget-container\">\n\t\t\t\t\t\t\t\t\t\t\t\t\t<img loading=\"lazy\" decoding=\"async\" width=\"683\" height=\"1024\" src=\"https:\/\/lea-osteopathie.fr\/wp-content\/uploads\/2023\/10\/Lea-Buhler-Osteopathe-5-683x1024.jpg\" class=\"attachment-large size-large wp-image-1115\" alt=\"\" srcset=\"https:\/\/lea-osteopathie.fr\/wp-content\/uploads\/2023\/10\/Lea-Buhler-Osteopathe-5-683x1024.jpg 683w, https:\/\/lea-osteopathie.fr\/wp-content\/uploads\/2023\/10\/Lea-Buhler-Osteopathe-5-200x300.jpg 200w, https:\/\/lea-osteopathie.fr\/wp-content\/uploads\/2023\/10\/Lea-Buhler-Osteopathe-5-768x1152.jpg 768w, https:\/\/lea-osteopathie.fr\/wp-content\/uploads\/2023\/10\/Lea-Buhler-Osteopathe-5-1024x1536.jpg 1024w, https:\/\/lea-osteopathie.fr\/wp-content\/uploads\/2023\/10\/Lea-Buhler-Osteopathe-5-1365x2048.jpg 1365w, https:\/\/lea-osteopathie.fr\/wp-content\/uploads\/2023\/10\/Lea-Buhler-Osteopathe-5-scaled.jpg 1707w\" sizes=\"(max-width: 683px) 100vw, 683px\" \/>\t\t\t\t\t\t\t\t\t\t\t\t\t<\/div>\n\t\t\t\t<\/div>\n\t\t\t\t\t<\/div>\n\t\t<\/div>\n\t\t\t\t\t<\/div>\n\t\t<\/section>\n\t\t\t\t<section class=\"elementor-section elementor-top-section elementor-element elementor-element-cb3ce46 elementor-section-boxed elementor-section-height-default elementor-section-height-default\" data-id=\"cb3ce46\" data-element_type=\"section\">\n\t\t\t\t\t\t<div class=\"elementor-container elementor-column-gap-default\">\n\t\t\t\t\t<div class=\"elementor-column elementor-col-100 elementor-top-column elementor-element elementor-element-5fadbc2\" data-id=\"5fadbc2\" data-element_type=\"column\">\n\t\t\t<div class=\"elementor-widget-wrap elementor-element-populated\">\n\t\t\t\t\t\t<div class=\"elementor-element elementor-element-c4d2963 elementor-widget elementor-widget-text-editor\" data-id=\"c4d2963\" data-element_type=\"widget\" data-widget_type=\"text-editor.default\">\n\t\t\t\t<div class=\"elementor-widget-container\">\n\t\t\t\t\t\t\t<p>Photo : Lucile Aur\u00e9gan<\/p>\t\t\t\t\t\t<\/div>\n\t\t\t\t<\/div>\n\t\t\t\t\t<\/div>\n\t\t<\/div>\n\t\t\t\t\t<\/div>\n\t\t<\/section>\n\t\t\t\t<section class=\"elementor-section elementor-top-section elementor-element elementor-element-65d06c2 elementor-section-boxed elementor-section-height-default elementor-section-height-default\" data-id=\"65d06c2\" data-element_type=\"section\">\n\t\t\t\t\t\t<div class=\"elementor-container elementor-column-gap-default\">\n\t\t\t\t\t<div class=\"elementor-column elementor-col-100 elementor-top-column elementor-element elementor-element-0444b0c\" data-id=\"0444b0c\" data-element_type=\"column\">\n\t\t\t<div class=\"elementor-widget-wrap elementor-element-populated\">\n\t\t\t\t\t\t<div class=\"elementor-element elementor-element-6e6394b elementor-widget elementor-widget-heading\" data-id=\"6e6394b\" data-element_type=\"widget\" data-widget_type=\"heading.default\">\n\t\t\t\t<div class=\"elementor-widget-container\">\n\t\t\t<h2 class=\"elementor-heading-title elementor-size-large\">Remboursement<\/h2>\t\t<\/div>\n\t\t\t\t<\/div>\n\t\t\t\t\t<\/div>\n\t\t<\/div>\n\t\t\t\t\t<\/div>\n\t\t<\/section>\n\t\t\t\t<section class=\"elementor-section elementor-top-section elementor-element elementor-element-9475ff9 elementor-section-boxed elementor-section-height-default elementor-section-height-default\" data-id=\"9475ff9\" data-element_type=\"section\">\n\t\t\t\t\t\t<div class=\"elementor-container elementor-column-gap-default\">\n\t\t\t\t\t<div class=\"elementor-column elementor-col-100 elementor-top-column elementor-element elementor-element-19e2027\" data-id=\"19e2027\" data-element_type=\"column\">\n\t\t\t<div class=\"elementor-widget-wrap elementor-element-populated\">\n\t\t\t\t\t\t<div class=\"elementor-element elementor-element-64ad3aa elementor-widget elementor-widget-text-editor\" data-id=\"64ad3aa\" data-element_type=\"widget\" data-widget_type=\"text-editor.default\">\n\t\t\t\t<div class=\"elementor-widget-container\">\n\t\t\t\t\t\t\t<span style=\"font-size: large; color: #000000; font-family: serif;\">A la fin de chaque <strong>consultation d&rsquo;ost\u00e9opathie<\/strong> nous vous remettrons une note d&rsquo;honoraire \u00e0 transmettre \u00e0 votre mutuelle pour obtenir un remboursement partiel ou total. <span style=\"color: #000000;\"><span style=\"font-family: serif;\"><span style=\"font-size: large;\">La plupart des mutuelles de sant\u00e9 prennent d\u00e9sormais en charge les s\u00e9ances d&rsquo;ost\u00e9opathie, renseignez vous aupr\u00e8s de la v\u00f4tre. <\/span><\/span><\/span><\/span>\t\t\t\t\t\t<\/div>\n\t\t\t\t<\/div>\n\t\t\t\t\t<\/div>\n\t\t<\/div>\n\t\t\t\t\t<\/div>\n\t\t<\/section>\n\t\t\t\t<section class=\"elementor-section elementor-top-section elementor-element elementor-element-6e46a41 elementor-section-boxed elementor-section-height-default elementor-section-height-default\" data-id=\"6e46a41\" data-element_type=\"section\">\n\t\t\t\t\t\t<div class=\"elementor-container elementor-column-gap-default\">\n\t\t\t\t\t<div class=\"elementor-column elementor-col-100 elementor-top-column elementor-element elementor-element-67ad439\" data-id=\"67ad439\" data-element_type=\"column\">\n\t\t\t<div class=\"elementor-widget-wrap elementor-element-populated\">\n\t\t\t\t\t\t<div class=\"elementor-element elementor-element-407b614 elementor-widget elementor-widget-image\" data-id=\"407b614\" data-element_type=\"widget\" data-widget_type=\"image.default\">\n\t\t\t\t<div class=\"elementor-widget-container\">\n\t\t\t\t\t\t\t\t\t\t\t\t\t<img loading=\"lazy\" decoding=\"async\" width=\"683\" height=\"1024\" src=\"https:\/\/lea-osteopathie.fr\/wp-content\/uploads\/2023\/10\/Lea-Buhler-Osteopathe-31-683x1024.jpg\" class=\"attachment-large size-large wp-image-1141\" alt=\"\" srcset=\"https:\/\/lea-osteopathie.fr\/wp-content\/uploads\/2023\/10\/Lea-Buhler-Osteopathe-31-683x1024.jpg 683w, https:\/\/lea-osteopathie.fr\/wp-content\/uploads\/2023\/10\/Lea-Buhler-Osteopathe-31-200x300.jpg 200w, https:\/\/lea-osteopathie.fr\/wp-content\/uploads\/2023\/10\/Lea-Buhler-Osteopathe-31-768x1152.jpg 768w, https:\/\/lea-osteopathie.fr\/wp-content\/uploads\/2023\/10\/Lea-Buhler-Osteopathe-31-1024x1536.jpg 1024w, https:\/\/lea-osteopathie.fr\/wp-content\/uploads\/2023\/10\/Lea-Buhler-Osteopathe-31-1365x2048.jpg 1365w, https:\/\/lea-osteopathie.fr\/wp-content\/uploads\/2023\/10\/Lea-Buhler-Osteopathe-31-scaled.jpg 1707w\" sizes=\"(max-width: 683px) 100vw, 683px\" \/>\t\t\t\t\t\t\t\t\t\t\t\t\t<\/div>\n\t\t\t\t<\/div>\n\t\t\t\t\t<\/div>\n\t\t<\/div>\n\t\t\t\t\t<\/div>\n\t\t<\/section>\n\t\t\t\t<section class=\"elementor-section elementor-top-section elementor-element elementor-element-0648354 elementor-section-boxed elementor-section-height-default elementor-section-height-default\" data-id=\"0648354\" data-element_type=\"section\">\n\t\t\t\t\t\t<div class=\"elementor-container elementor-column-gap-default\">\n\t\t\t\t\t<div class=\"elementor-column elementor-col-100 elementor-top-column elementor-element elementor-element-2ea439b\" data-id=\"2ea439b\" data-element_type=\"column\">\n\t\t\t<div class=\"elementor-widget-wrap elementor-element-populated\">\n\t\t\t\t\t\t<div class=\"elementor-element elementor-element-98deee2 elementor-widget elementor-widget-text-editor\" data-id=\"98deee2\" data-element_type=\"widget\" data-widget_type=\"text-editor.default\">\n\t\t\t\t<div class=\"elementor-widget-container\">\n\t\t\t\t\t\t\t<p>Photo : Lucile Aur\u00e9gan<\/p>\t\t\t\t\t\t<\/div>\n\t\t\t\t<\/div>\n\t\t\t\t\t<\/div>\n\t\t<\/div>\n\t\t\t\t\t<\/div>\n\t\t<\/section>\n\t\t\t\t<section class=\"elementor-section elementor-top-section elementor-element elementor-element-8136894 elementor-section-boxed elementor-section-height-default elementor-section-height-default\" data-id=\"8136894\" data-element_type=\"section\">\n\t\t\t\t\t\t<div class=\"elementor-container elementor-column-gap-default\">\n\t\t\t\t\t<div class=\"elementor-column elementor-col-100 elementor-top-column elementor-element elementor-element-c6ccd82\" data-id=\"c6ccd82\" data-element_type=\"column\">\n\t\t\t<div class=\"elementor-widget-wrap elementor-element-populated\">\n\t\t\t\t\t\t<div class=\"elementor-element elementor-element-b9a4a26 elementor-widget elementor-widget-image\" data-id=\"b9a4a26\" data-element_type=\"widget\" data-widget_type=\"image.default\">\n\t\t\t\t<div class=\"elementor-widget-container\">\n\t\t\t\t\t\t\t\t\t\t\t\t\t<img loading=\"lazy\" decoding=\"async\" width=\"300\" height=\"300\" src=\"https:\/\/lea-osteopathie.fr\/wp-content\/uploads\/2023\/10\/illsutration-Marie-bassin-300x300.png\" class=\"attachment-medium size-medium wp-image-1216\" alt=\"\" srcset=\"https:\/\/lea-osteopathie.fr\/wp-content\/uploads\/2023\/10\/illsutration-Marie-bassin-300x300.png 300w, https:\/\/lea-osteopathie.fr\/wp-content\/uploads\/2023\/10\/illsutration-Marie-bassin-150x150.png 150w, https:\/\/lea-osteopathie.fr\/wp-content\/uploads\/2023\/10\/illsutration-Marie-bassin.png 500w\" sizes=\"(max-width: 300px) 100vw, 300px\" \/>\t\t\t\t\t\t\t\t\t\t\t\t\t<\/div>\n\t\t\t\t<\/div>\n\t\t\t\t\t<\/div>\n\t\t<\/div>\n\t\t\t\t\t<\/div>\n\t\t<\/section>\n\t\t\t\t<\/div>\n\t\t","protected":false},"excerpt":{"rendered":"<p>Illustration : MarieAimePassionn\u00e9ment Photo : Lucile Aur\u00e9gan Remboursement A la fin de chaque consultation d&rsquo;ost\u00e9opathie nous vous remettrons une note d&rsquo;honoraire \u00e0 transmettre \u00e0 votre mutuelle pour obtenir un remboursement partiel ou total. La plupart des mutuelles de sant\u00e9 prennent d\u00e9sormais en charge les s\u00e9ances d&rsquo;ost\u00e9opathie, renseignez vous aupr\u00e8s de la v\u00f4tre. Photo : Lucile [&hellip;]<\/p>\n","protected":false},"author":1,"featured_media":0,"parent":0,"menu_order":0,"comment_status":"closed","ping_status":"closed","template":"","meta":{"footnotes":""},"class_list":["post-136","page","type-page","status-publish","hentry","entry"],"_links":{"self":[{"href":"https:\/\/lea-osteopathie.fr\/index.php?rest_route=\/wp\/v2\/pages\/136","targetHints":{"allow":["GET"]}}],"collection":[{"href":"https:\/\/lea-osteopathie.fr\/index.php?rest_route=\/wp\/v2\/pages"}],"about":[{"href":"https:\/\/lea-osteopathie.fr\/index.php?rest_route=\/wp\/v2\/types\/page"}],"author":[{"embeddable":true,"href":"https:\/\/lea-osteopathie.fr\/index.php?rest_route=\/wp\/v2\/users\/1"}],"replies":[{"embeddable":true,"href":"https:\/\/lea-osteopathie.fr\/index.php?rest_route=%2Fwp%2Fv2%2Fcomments&post=136"}],"version-history":[{"count":74,"href":"https:\/\/lea-osteopathie.fr\/index.php?rest_route=\/wp\/v2\/pages\/136\/revisions"}],"predecessor-version":[{"id":1705,"href":"https:\/\/lea-osteopathie.fr\/index.php?rest_route=\/wp\/v2\/pages\/136\/revisions\/1705"}],"wp:attachment":[{"href":"https:\/\/lea-osteopathie.fr\/index.php?rest_route=%2Fwp%2Fv2%2Fmedia&parent=136"}],"curies":[{"name":"wp","href":"https:\/\/api.w.org\/{rel}","templated":true}]}}