{"id":1427,"date":"2025-08-30T15:19:35","date_gmt":"2025-08-30T13:19:35","guid":{"rendered":"http:\/\/lea-osteopathie.fr\/?page_id=1427"},"modified":"2025-12-18T10:32:16","modified_gmt":"2025-12-18T09:32:16","slug":"elementor-1427","status":"publish","type":"page","link":"https:\/\/lea-osteopathie.fr\/?page_id=1427","title":{"rendered":"Ost\u00e9oSens"},"content":{"rendered":"\t\t<div data-elementor-type=\"wp-page\" data-elementor-id=\"1427\" class=\"elementor elementor-1427\">\n\t\t\t\t\t\t<section class=\"elementor-section elementor-top-section elementor-element elementor-element-3aabb38 elementor-section-boxed elementor-section-height-default elementor-section-height-default\" data-id=\"3aabb38\" data-element_type=\"section\">\n\t\t\t\t\t\t<div class=\"elementor-container elementor-column-gap-default\">\n\t\t\t\t\t<div class=\"elementor-column elementor-col-100 elementor-top-column elementor-element elementor-element-e6bee98\" data-id=\"e6bee98\" data-element_type=\"column\">\n\t\t\t<div class=\"elementor-widget-wrap elementor-element-populated\">\n\t\t\t\t\t\t<div class=\"elementor-element elementor-element-f6efaef elementor-widget elementor-widget-heading\" data-id=\"f6efaef\" data-element_type=\"widget\" data-widget_type=\"heading.default\">\n\t\t\t\t<div class=\"elementor-widget-container\">\n\t\t\t<h2 class=\"elementor-heading-title elementor-size-default\">Ost\u00e9oSens<\/h2>\t\t<\/div>\n\t\t\t\t<\/div>\n\t\t\t\t\t<\/div>\n\t\t<\/div>\n\t\t\t\t\t<\/div>\n\t\t<\/section>\n\t\t\t\t<section class=\"elementor-section elementor-top-section elementor-element elementor-element-42d40c9 elementor-section-boxed elementor-section-height-default elementor-section-height-default\" data-id=\"42d40c9\" data-element_type=\"section\">\n\t\t\t\t\t\t<div class=\"elementor-container elementor-column-gap-default\">\n\t\t\t\t\t<div class=\"elementor-column elementor-col-100 elementor-top-column elementor-element elementor-element-85e32fb\" data-id=\"85e32fb\" data-element_type=\"column\">\n\t\t\t<div class=\"elementor-widget-wrap elementor-element-populated\">\n\t\t\t\t\t\t<div class=\"elementor-element elementor-element-d724c35 elementor-widget elementor-widget-heading\" data-id=\"d724c35\" data-element_type=\"widget\" data-widget_type=\"heading.default\">\n\t\t\t\t<div class=\"elementor-widget-container\">\n\t\t\t<h2 class=\"elementor-heading-title elementor-size-default\">Une Evocation de Sens et d'Essence<\/h2>\t\t<\/div>\n\t\t\t\t<\/div>\n\t\t\t\t\t<\/div>\n\t\t<\/div>\n\t\t\t\t\t<\/div>\n\t\t<\/section>\n\t\t\t\t<section class=\"elementor-section elementor-top-section elementor-element elementor-element-5219783 elementor-section-boxed elementor-section-height-default elementor-section-height-default\" data-id=\"5219783\" data-element_type=\"section\">\n\t\t\t\t\t\t<div class=\"elementor-container elementor-column-gap-default\">\n\t\t\t\t\t<div class=\"elementor-column elementor-col-100 elementor-top-column elementor-element elementor-element-d65a1fc\" data-id=\"d65a1fc\" data-element_type=\"column\">\n\t\t\t<div class=\"elementor-widget-wrap elementor-element-populated\">\n\t\t\t\t\t\t<div class=\"elementor-element elementor-element-d5e4a15 elementor-widget elementor-widget-text-editor\" data-id=\"d5e4a15\" data-element_type=\"widget\" data-widget_type=\"text-editor.default\">\n\t\t\t\t<div class=\"elementor-widget-container\">\n\t\t\t\t\t\t\t<p class=\"western\" style=\"text-align: center;\"><span style=\"color: #000000;\"><span style=\"font-family: serif;\"><span style=\"font-size: large;\">Ce nom refl\u00e8te notre engagement \u00e0 vous offrir des soins ost\u00e9opathiques qui prennent en compte votre corps dans sa globalit\u00e9 et votre sensibilit\u00e9 individuelle.\u00a0<\/span><\/span><\/span>\t\t\t\t\t\t<\/div>\n\t\t\t\t<\/div>\n\t\t\t\t\t<\/div>\n\t\t<\/div>\n\t\t\t\t\t<\/div>\n\t\t<\/section>\n\t\t\t\t<section class=\"elementor-section elementor-top-section elementor-element elementor-element-809888e elementor-section-boxed elementor-section-height-default elementor-section-height-default\" data-id=\"809888e\" data-element_type=\"section\">\n\t\t\t\t\t\t<div class=\"elementor-container elementor-column-gap-default\">\n\t\t\t\t\t<div class=\"elementor-column elementor-col-50 elementor-top-column elementor-element elementor-element-8058790\" data-id=\"8058790\" data-element_type=\"column\">\n\t\t\t<div class=\"elementor-widget-wrap elementor-element-populated\">\n\t\t\t\t\t\t<div class=\"elementor-element elementor-element-ffab83b elementor-widget elementor-widget-image\" data-id=\"ffab83b\" data-element_type=\"widget\" data-widget_type=\"image.default\">\n\t\t\t\t<div class=\"elementor-widget-container\">\n\t\t\t\t\t\t\t\t\t\t\t\t\t<img fetchpriority=\"high\" decoding=\"async\" width=\"683\" height=\"1024\" src=\"https:\/\/lea-osteopathie.fr\/wp-content\/uploads\/2023\/10\/Lea-Buhler-Osteopathe-53-683x1024.jpg\" class=\"attachment-large size-large wp-image-1163\" alt=\"\" srcset=\"https:\/\/lea-osteopathie.fr\/wp-content\/uploads\/2023\/10\/Lea-Buhler-Osteopathe-53-683x1024.jpg 683w, https:\/\/lea-osteopathie.fr\/wp-content\/uploads\/2023\/10\/Lea-Buhler-Osteopathe-53-200x300.jpg 200w, https:\/\/lea-osteopathie.fr\/wp-content\/uploads\/2023\/10\/Lea-Buhler-Osteopathe-53-768x1152.jpg 768w, https:\/\/lea-osteopathie.fr\/wp-content\/uploads\/2023\/10\/Lea-Buhler-Osteopathe-53-1024x1536.jpg 1024w, https:\/\/lea-osteopathie.fr\/wp-content\/uploads\/2023\/10\/Lea-Buhler-Osteopathe-53-1365x2048.jpg 1365w, https:\/\/lea-osteopathie.fr\/wp-content\/uploads\/2023\/10\/Lea-Buhler-Osteopathe-53-scaled.jpg 1707w\" sizes=\"(max-width: 683px) 100vw, 683px\" \/>\t\t\t\t\t\t\t\t\t\t\t\t\t<\/div>\n\t\t\t\t<\/div>\n\t\t\t\t\t<\/div>\n\t\t<\/div>\n\t\t\t\t<div class=\"elementor-column elementor-col-50 elementor-top-column elementor-element elementor-element-1661c9a\" data-id=\"1661c9a\" data-element_type=\"column\">\n\t\t\t<div class=\"elementor-widget-wrap elementor-element-populated\">\n\t\t\t\t\t\t<div class=\"elementor-element elementor-element-af57d66 elementor-widget elementor-widget-image\" data-id=\"af57d66\" data-element_type=\"widget\" data-widget_type=\"image.default\">\n\t\t\t\t<div class=\"elementor-widget-container\">\n\t\t\t\t\t\t\t\t\t\t\t\t\t<img decoding=\"async\" width=\"683\" height=\"1024\" src=\"https:\/\/lea-osteopathie.fr\/wp-content\/uploads\/2023\/10\/Lea-Buhler-Osteopathe-35-683x1024.jpg\" class=\"attachment-large size-large wp-image-1145\" alt=\"\" srcset=\"https:\/\/lea-osteopathie.fr\/wp-content\/uploads\/2023\/10\/Lea-Buhler-Osteopathe-35-683x1024.jpg 683w, https:\/\/lea-osteopathie.fr\/wp-content\/uploads\/2023\/10\/Lea-Buhler-Osteopathe-35-200x300.jpg 200w, https:\/\/lea-osteopathie.fr\/wp-content\/uploads\/2023\/10\/Lea-Buhler-Osteopathe-35-768x1152.jpg 768w, https:\/\/lea-osteopathie.fr\/wp-content\/uploads\/2023\/10\/Lea-Buhler-Osteopathe-35-1024x1536.jpg 1024w, https:\/\/lea-osteopathie.fr\/wp-content\/uploads\/2023\/10\/Lea-Buhler-Osteopathe-35-1365x2048.jpg 1365w, https:\/\/lea-osteopathie.fr\/wp-content\/uploads\/2023\/10\/Lea-Buhler-Osteopathe-35-scaled.jpg 1707w\" sizes=\"(max-width: 683px) 100vw, 683px\" \/>\t\t\t\t\t\t\t\t\t\t\t\t\t<\/div>\n\t\t\t\t<\/div>\n\t\t\t\t\t<\/div>\n\t\t<\/div>\n\t\t\t\t\t<\/div>\n\t\t<\/section>\n\t\t\t\t<section class=\"elementor-section elementor-top-section elementor-element elementor-element-3386774 elementor-section-boxed elementor-section-height-default elementor-section-height-default\" data-id=\"3386774\" data-element_type=\"section\">\n\t\t\t\t\t\t<div class=\"elementor-container elementor-column-gap-default\">\n\t\t\t\t\t<div class=\"elementor-column elementor-col-100 elementor-top-column elementor-element elementor-element-28bd446\" data-id=\"28bd446\" data-element_type=\"column\">\n\t\t\t<div class=\"elementor-widget-wrap elementor-element-populated\">\n\t\t\t\t\t\t<div class=\"elementor-element elementor-element-5974d19 elementor-widget elementor-widget-text-editor\" data-id=\"5974d19\" data-element_type=\"widget\" data-widget_type=\"text-editor.default\">\n\t\t\t\t<div class=\"elementor-widget-container\">\n\t\t\t\t\t\t\t<p>Photographies : Lucile Auregan<\/p>\t\t\t\t\t\t<\/div>\n\t\t\t\t<\/div>\n\t\t\t\t\t<\/div>\n\t\t<\/div>\n\t\t\t\t\t<\/div>\n\t\t<\/section>\n\t\t\t\t<section class=\"elementor-section elementor-top-section elementor-element elementor-element-861ff40 elementor-section-boxed elementor-section-height-default elementor-section-height-default\" data-id=\"861ff40\" data-element_type=\"section\">\n\t\t\t\t\t\t<div class=\"elementor-container elementor-column-gap-default\">\n\t\t\t\t\t<div class=\"elementor-column elementor-col-100 elementor-top-column elementor-element elementor-element-5434534\" data-id=\"5434534\" data-element_type=\"column\">\n\t\t\t<div class=\"elementor-widget-wrap elementor-element-populated\">\n\t\t\t\t\t\t<div class=\"elementor-element elementor-element-608fa63 elementor-widget elementor-widget-text-editor\" data-id=\"608fa63\" data-element_type=\"widget\" data-widget_type=\"text-editor.default\">\n\t\t\t\t<div class=\"elementor-widget-container\">\n\t\t\t\t\t\t\t<p class=\"western\" style=\"text-align: center;\"><span style=\"color: #000000;\"><span style=\"font-family: serif;\"><span style=\"font-size: large;\">Le nom de notre enseigne,\u00a0<\/span><\/span><\/span><strong><span style=\"color: #2d3748;\"><span style=\"font-family: Book antiqua, serif;\"><span style=\"font-size: large;\"><b><span style=\"font-family: Book antiqua, serif; font-size: large;\">Ost\u00e9oSens<\/span> <\/b><\/span><\/span><\/span><\/strong><span style=\"font-size: large; font-family: serif; color: #000000;\">est porteur d\u2019une profonde signification, reflet de notre approche unique de l\u2019ost\u00e9opathie. En combinant les mots \u00ab ost\u00e9o \u00bb et \u00ab sens \u00bb, nous mettons en lumi\u00e8re l\u2019essence m\u00eame de notre pratique, qui va bien au-del\u00e0 des simples soins corporels.<\/span><\/p><p class=\"western\" style=\"text-align: center;\"><span style=\"color: #000000;\"><span style=\"font-family: serif;\"><span style=\"font-size: large;\">Le terme\u00a0<\/span><\/span><\/span><strong><span style=\"color: #2d3748;\"><span style=\"font-family: Book antiqua, serif;\"><span style=\"font-size: large;\"><b>\u00ab ost\u00e9o \u00bb<\/b><\/span><\/span><\/span><\/strong><span style=\"color: #000000;\"><span style=\"font-family: serif;\"><span style=\"font-size: large;\">\u00a0\u00e9voque notre sp\u00e9cialit\u00e9 : l\u2019ost\u00e9opathie, une m\u00e9thode de soin qui privil\u00e9gie une approche manuelle et holistique du corps. Elle vise \u00e0 r\u00e9tablir l\u2019harmonie et la mobilit\u00e9 de l\u2019individu en prenant en compte l\u2019ensemble de son \u00eatre. C\u2019est une discipline qui cherche \u00e0 comprendre et \u00e0 traiter les d\u00e9s\u00e9quilibres physiques tout en consid\u00e9rant \u00e9galement les aspects \u00e9motionnels et psychologiques.<\/span><\/span><\/span><\/p><p class=\"western\" style=\"text-align: center;\"><span style=\"color: #000000;\"><span style=\"font-family: serif;\"><span style=\"font-size: large;\">Le mot\u00a0<\/span><\/span><\/span><strong><span style=\"color: #2d3748;\"><span style=\"font-family: Book antiqua, serif;\"><span style=\"font-size: large;\"><b>\u00ab sens \u00bb<\/b><\/span><\/span><\/span><\/strong><span style=\"color: #2d3748;\"><span style=\"font-family: Book antiqua, serif;\"><span style=\"font-size: large;\">,<\/span><\/span><\/span><span style=\"color: #000000;\"><span style=\"font-family: serif;\"><span style=\"font-size: large;\"> quant \u00e0 lui, rev\u00eat une signification riche et multidimensionnelle. Il fait r\u00e9f\u00e9rence \u00e0 plusieurs notions cl\u00e9s :<\/span><\/span><\/span><\/p><ol><li><p align=\"justify\"><strong><span style=\"color: #2d3748;\"><span style=\"font-family: Book antiqua, serif;\"><span style=\"font-size: large;\"><b>Perception<\/b><\/span><\/span><\/span><\/strong><span style=\"color: #000000;\"><span style=\"font-family: serif;\"><span style=\"font-size: large;\">\u00a0: Le sens \u00e9voque notre capacit\u00e9 \u00e0 ressentir et \u00e0 percevoir notre corps et notre environnement. Chez Ost\u00e9oSens, nous encourageons nos patients \u00e0 se reconnecter \u00e0 leur propre corps, \u00e0 \u00e9couter ses signaux et \u00e0 d\u00e9velopper une conscience corporelle accrue.<\/span><\/span><\/span><\/p><\/li><li><p align=\"justify\"><strong><span style=\"color: #2d3748;\"><span style=\"font-family: Book antiqua, serif;\"><span style=\"font-size: large;\"><b>Direction<\/b><\/span><\/span><\/span><\/strong><span style=\"color: #000000;\"><span style=\"font-family: serif;\"><span style=\"font-size: large;\">\u00a0: Le sens peut aussi sugg\u00e9rer une orientation ou une direction. Dans notre cabinet, nous guidons nos patients vers un chemin de bien-\u00eatre et d\u2019\u00e9panouissement. Nous les aidons \u00e0 trouver leur propre voie vers la sant\u00e9, en les soutenant dans leur parcours personnel.<\/span><\/span><\/span><\/p><\/li><li><p align=\"justify\"><strong><span style=\"color: #2d3748;\"><span style=\"font-family: Book antiqua, serif;\"><span style=\"font-size: large;\"><b>Intention<\/b><\/span><\/span><\/span><\/strong><span style=\"color: #2d3748;\"><span style=\"font-family: Book antiqua, serif;\"><span style=\"font-size: large;\">\u00a0<\/span><\/span><\/span><span style=\"color: #000000;\"><span style=\"font-family: serif;\"><span style=\"font-size: large;\">: Le sens \u00e9voque \u00e9galement l\u2019id\u00e9e de signification et d\u2019intention. Chaque soin que nous prodiguons est impr\u00e9gn\u00e9 de notre d\u00e9sir d\u2019apporter un soutien significatif, d\u2019offrir un espace de gu\u00e9rison et de transformation, o\u00f9 chaque interaction rev\u00eat une importance particuli\u00e8re.<\/span><\/span><\/span><\/p><\/li><li><p align=\"justify\"><strong><span style=\"color: #2d3748;\"><span style=\"font-family: Book antiqua, serif;\"><span style=\"font-size: large;\"><b>\u00c9quilibre<\/b><\/span><\/span><\/span><\/strong><span style=\"color: #2d3748;\"><span style=\"font-family: Book antiqua, serif;\"><span style=\"font-size: large;\">\u00a0<\/span><\/span><\/span><span style=\"color: #000000;\"><span style=\"font-family: serif;\"><span style=\"font-size: large;\">: Enfin, le sens symbolise l\u2019harmonie et l\u2019\u00e9quilibre. Dans notre pratique, nous visons \u00e0 r\u00e9tablir cet \u00e9quilibre au sein du corps et de l\u2019esprit, permettant ainsi \u00e0 chaque individu de se sentir align\u00e9 avec lui-m\u00eame.<\/span><\/span><\/span><\/p><\/li><\/ol>\t\t\t\t\t\t<\/div>\n\t\t\t\t<\/div>\n\t\t\t\t\t<\/div>\n\t\t<\/div>\n\t\t\t\t\t<\/div>\n\t\t<\/section>\n\t\t\t\t<section class=\"elementor-section elementor-top-section elementor-element elementor-element-326be8e elementor-section-boxed elementor-section-height-default elementor-section-height-default\" data-id=\"326be8e\" data-element_type=\"section\">\n\t\t\t\t\t\t<div class=\"elementor-container elementor-column-gap-default\">\n\t\t\t\t\t<div class=\"elementor-column elementor-col-100 elementor-top-column elementor-element elementor-element-b2d6024\" data-id=\"b2d6024\" data-element_type=\"column\">\n\t\t\t<div class=\"elementor-widget-wrap elementor-element-populated\">\n\t\t\t\t\t\t<div class=\"elementor-element elementor-element-2f01e9a elementor-widget elementor-widget-text-editor\" data-id=\"2f01e9a\" data-element_type=\"widget\" data-widget_type=\"text-editor.default\">\n\t\t\t\t<div class=\"elementor-widget-container\">\n\t\t\t\t\t\t\t<p class=\"western\" style=\"text-align: center;\"><span style=\"color: #000000;\"><span style=\"font-family: serif;\"><span style=\"font-size: large;\">En somme,\u00a0<\/span><\/span><\/span><strong><span style=\"color: #2d3748;\"><span style=\"font-family: Book antiqua, serif;\"><span style=\"font-size: large;\"><b>Ost\u00e9oSens<\/b><\/span><\/span><\/span><\/strong><span style=\"color: #000000;\"><span style=\"font-family: serif;\"><span style=\"font-size: large;\">\u00a0est bien plus qu\u2019un simple nom ; c\u2019est une invitation \u00e0 explorer les multiples dimensions de la sant\u00e9 et du bien-\u00eatre. En int\u00e9grant le mot \u00ab sens \u00bb, nous affirmons notre engagement \u00e0 accompagner nos patients non seulement sur le plan physique, mais aussi sur les plans \u00e9motionnel et spirituel. Nous croyons que la v\u00e9ritable gu\u00e9rison passe par une compr\u00e9hension profonde de soi, une reconnexion aux sensations et un cheminement vers l\u2019authenticit\u00e9.<\/span><\/span><\/span><\/p>\n<p align=\"justify\"><span style=\"color: #2d3748;\"><span style=\"font-family: Book antiqua, serif;\"><span style=\"font-size: large;\"><p class=\"western\" style=\"text-align: center;\"><span style=\"color: #000000;\"><span style=\"font-family: serif;\"><span style=\"font-size: large;\">Nous vous accueillons avec bienveillance dans cet espace o\u00f9 chaque soin est pens\u00e9 pour vous aider \u00e0 retrouver votre propre sens, \u00e0 faire r\u00e9sonner votre \u00eatre et \u00e0 vous \u00e9panouir pleinement.<\/span><\/span><\/span><\/p>\t\t\t\t\t\t<\/div>\n\t\t\t\t<\/div>\n\t\t\t\t\t<\/div>\n\t\t<\/div>\n\t\t\t\t\t<\/div>\n\t\t<\/section>\n\t\t\t\t<section class=\"elementor-section elementor-top-section elementor-element elementor-element-94e544a elementor-section-boxed elementor-section-height-default elementor-section-height-default\" data-id=\"94e544a\" data-element_type=\"section\">\n\t\t\t\t\t\t<div class=\"elementor-container elementor-column-gap-default\">\n\t\t\t\t\t<div class=\"elementor-column elementor-col-33 elementor-top-column elementor-element elementor-element-5154b62\" data-id=\"5154b62\" data-element_type=\"column\">\n\t\t\t<div class=\"elementor-widget-wrap elementor-element-populated\">\n\t\t\t\t\t\t<div class=\"elementor-element elementor-element-9227ccc elementor-widget elementor-widget-image\" data-id=\"9227ccc\" data-element_type=\"widget\" data-widget_type=\"image.default\">\n\t\t\t\t<div class=\"elementor-widget-container\">\n\t\t\t\t\t\t\t\t\t\t\t\t\t<img decoding=\"async\" width=\"683\" height=\"1024\" src=\"https:\/\/lea-osteopathie.fr\/wp-content\/uploads\/2024\/10\/cercle-de-femmes-129-683x1024.jpg\" class=\"attachment-large size-large wp-image-1376\" alt=\"\" srcset=\"https:\/\/lea-osteopathie.fr\/wp-content\/uploads\/2024\/10\/cercle-de-femmes-129-683x1024.jpg 683w, https:\/\/lea-osteopathie.fr\/wp-content\/uploads\/2024\/10\/cercle-de-femmes-129-200x300.jpg 200w, https:\/\/lea-osteopathie.fr\/wp-content\/uploads\/2024\/10\/cercle-de-femmes-129-768x1152.jpg 768w, https:\/\/lea-osteopathie.fr\/wp-content\/uploads\/2024\/10\/cercle-de-femmes-129-1024x1536.jpg 1024w, https:\/\/lea-osteopathie.fr\/wp-content\/uploads\/2024\/10\/cercle-de-femmes-129-1365x2048.jpg 1365w, https:\/\/lea-osteopathie.fr\/wp-content\/uploads\/2024\/10\/cercle-de-femmes-129-scaled.jpg 1707w\" sizes=\"(max-width: 683px) 100vw, 683px\" \/>\t\t\t\t\t\t\t\t\t\t\t\t\t<\/div>\n\t\t\t\t<\/div>\n\t\t\t\t\t<\/div>\n\t\t<\/div>\n\t\t\t\t<div class=\"elementor-column elementor-col-33 elementor-top-column elementor-element elementor-element-1470cf0\" data-id=\"1470cf0\" data-element_type=\"column\">\n\t\t\t<div class=\"elementor-widget-wrap elementor-element-populated\">\n\t\t\t\t\t\t<div class=\"elementor-element elementor-element-ea31664 elementor-widget elementor-widget-image\" data-id=\"ea31664\" data-element_type=\"widget\" data-widget_type=\"image.default\">\n\t\t\t\t<div class=\"elementor-widget-container\">\n\t\t\t\t\t\t\t\t\t\t\t\t\t<img loading=\"lazy\" decoding=\"async\" width=\"683\" height=\"1024\" src=\"https:\/\/lea-osteopathie.fr\/wp-content\/uploads\/2025\/08\/lea-portrait-28-683x1024.jpg\" class=\"attachment-large size-large wp-image-1430\" alt=\"\" srcset=\"https:\/\/lea-osteopathie.fr\/wp-content\/uploads\/2025\/08\/lea-portrait-28-683x1024.jpg 683w, https:\/\/lea-osteopathie.fr\/wp-content\/uploads\/2025\/08\/lea-portrait-28-200x300.jpg 200w, https:\/\/lea-osteopathie.fr\/wp-content\/uploads\/2025\/08\/lea-portrait-28-768x1152.jpg 768w, https:\/\/lea-osteopathie.fr\/wp-content\/uploads\/2025\/08\/lea-portrait-28-1024x1536.jpg 1024w, https:\/\/lea-osteopathie.fr\/wp-content\/uploads\/2025\/08\/lea-portrait-28-1365x2048.jpg 1365w, https:\/\/lea-osteopathie.fr\/wp-content\/uploads\/2025\/08\/lea-portrait-28-scaled.jpg 1707w\" sizes=\"(max-width: 683px) 100vw, 683px\" \/>\t\t\t\t\t\t\t\t\t\t\t\t\t<\/div>\n\t\t\t\t<\/div>\n\t\t\t\t\t<\/div>\n\t\t<\/div>\n\t\t\t\t<div class=\"elementor-column elementor-col-33 elementor-top-column elementor-element elementor-element-5df9b58\" data-id=\"5df9b58\" data-element_type=\"column\">\n\t\t\t<div class=\"elementor-widget-wrap elementor-element-populated\">\n\t\t\t\t\t\t<div class=\"elementor-element elementor-element-912119b elementor-widget elementor-widget-image\" data-id=\"912119b\" data-element_type=\"widget\" data-widget_type=\"image.default\">\n\t\t\t\t<div class=\"elementor-widget-container\">\n\t\t\t\t\t\t\t\t\t\t\t\t\t<img loading=\"lazy\" decoding=\"async\" width=\"683\" height=\"1024\" src=\"https:\/\/lea-osteopathie.fr\/wp-content\/uploads\/2025\/08\/lea-portrait-29-683x1024.jpg\" class=\"attachment-large size-large wp-image-1431\" alt=\"\" srcset=\"https:\/\/lea-osteopathie.fr\/wp-content\/uploads\/2025\/08\/lea-portrait-29-683x1024.jpg 683w, https:\/\/lea-osteopathie.fr\/wp-content\/uploads\/2025\/08\/lea-portrait-29-200x300.jpg 200w, https:\/\/lea-osteopathie.fr\/wp-content\/uploads\/2025\/08\/lea-portrait-29-768x1152.jpg 768w, https:\/\/lea-osteopathie.fr\/wp-content\/uploads\/2025\/08\/lea-portrait-29-1024x1536.jpg 1024w, https:\/\/lea-osteopathie.fr\/wp-content\/uploads\/2025\/08\/lea-portrait-29-1365x2048.jpg 1365w, https:\/\/lea-osteopathie.fr\/wp-content\/uploads\/2025\/08\/lea-portrait-29-scaled.jpg 1707w\" sizes=\"(max-width: 683px) 100vw, 683px\" \/>\t\t\t\t\t\t\t\t\t\t\t\t\t<\/div>\n\t\t\t\t<\/div>\n\t\t\t\t\t<\/div>\n\t\t<\/div>\n\t\t\t\t\t<\/div>\n\t\t<\/section>\n\t\t\t\t<section class=\"elementor-section elementor-top-section elementor-element elementor-element-dfdb5e0 elementor-section-boxed elementor-section-height-default elementor-section-height-default\" data-id=\"dfdb5e0\" data-element_type=\"section\">\n\t\t\t\t\t\t<div class=\"elementor-container elementor-column-gap-default\">\n\t\t\t\t\t<div class=\"elementor-column elementor-col-100 elementor-top-column elementor-element elementor-element-4fdc6bb\" data-id=\"4fdc6bb\" data-element_type=\"column\">\n\t\t\t<div class=\"elementor-widget-wrap elementor-element-populated\">\n\t\t\t\t\t\t<div class=\"elementor-element elementor-element-08bf3e1 elementor-widget elementor-widget-text-editor\" data-id=\"08bf3e1\" data-element_type=\"widget\" data-widget_type=\"text-editor.default\">\n\t\t\t\t<div class=\"elementor-widget-container\">\n\t\t\t\t\t\t\t<p>Photographies: Lucile Auregan<\/p>\t\t\t\t\t\t<\/div>\n\t\t\t\t<\/div>\n\t\t\t\t\t<\/div>\n\t\t<\/div>\n\t\t\t\t\t<\/div>\n\t\t<\/section>\n\t\t\t\t<\/div>\n\t\t","protected":false},"excerpt":{"rendered":"<p>Ost\u00e9oSens Une Evocation de Sens et d&rsquo;Essence Ce nom refl\u00e8te notre engagement \u00e0 vous offrir des soins ost\u00e9opathiques qui prennent en compte votre corps dans sa globalit\u00e9 et votre sensibilit\u00e9 individuelle.\u00a0 Photographies : Lucile Auregan Le nom de notre enseigne,\u00a0Ost\u00e9oSens est porteur d\u2019une profonde signification, reflet de notre approche unique de l\u2019ost\u00e9opathie. En combinant les [&hellip;]<\/p>\n","protected":false},"author":1,"featured_media":0,"parent":0,"menu_order":0,"comment_status":"closed","ping_status":"closed","template":"","meta":{"footnotes":""},"class_list":["post-1427","page","type-page","status-publish","hentry","entry"],"_links":{"self":[{"href":"https:\/\/lea-osteopathie.fr\/index.php?rest_route=\/wp\/v2\/pages\/1427","targetHints":{"allow":["GET"]}}],"collection":[{"href":"https:\/\/lea-osteopathie.fr\/index.php?rest_route=\/wp\/v2\/pages"}],"about":[{"href":"https:\/\/lea-osteopathie.fr\/index.php?rest_route=\/wp\/v2\/types\/page"}],"author":[{"embeddable":true,"href":"https:\/\/lea-osteopathie.fr\/index.php?rest_route=\/wp\/v2\/users\/1"}],"replies":[{"embeddable":true,"href":"https:\/\/lea-osteopathie.fr\/index.php?rest_route=%2Fwp%2Fv2%2Fcomments&post=1427"}],"version-history":[{"count":39,"href":"https:\/\/lea-osteopathie.fr\/index.php?rest_route=\/wp\/v2\/pages\/1427\/revisions"}],"predecessor-version":[{"id":1701,"href":"https:\/\/lea-osteopathie.fr\/index.php?rest_route=\/wp\/v2\/pages\/1427\/revisions\/1701"}],"wp:attachment":[{"href":"https:\/\/lea-osteopathie.fr\/index.php?rest_route=%2Fwp%2Fv2%2Fmedia&parent=1427"}],"curies":[{"name":"wp","href":"https:\/\/api.w.org\/{rel}","templated":true}]}}