{"id":154,"date":"2019-06-08T18:27:01","date_gmt":"2019-06-08T16:27:01","guid":{"rendered":"http:\/\/lea-osteopathie.fr\/?page_id=154"},"modified":"2026-02-09T13:54:45","modified_gmt":"2026-02-09T12:54:45","slug":"contact","status":"publish","type":"page","link":"https:\/\/lea-osteopathie.fr\/?page_id=154","title":{"rendered":"Contact"},"content":{"rendered":"\t\t<div data-elementor-type=\"wp-post\" data-elementor-id=\"154\" class=\"elementor elementor-154\">\n\t\t\t\t\t\t<section class=\"elementor-section elementor-top-section elementor-element elementor-element-2153cf5 elementor-section-boxed elementor-section-height-default elementor-section-height-default\" data-id=\"2153cf5\" data-element_type=\"section\">\n\t\t\t\t\t\t<div class=\"elementor-container elementor-column-gap-default\">\n\t\t\t\t\t<div class=\"elementor-column elementor-col-100 elementor-top-column elementor-element elementor-element-c83e020\" data-id=\"c83e020\" data-element_type=\"column\">\n\t\t\t<div class=\"elementor-widget-wrap elementor-element-populated\">\n\t\t\t\t\t\t<div class=\"elementor-element elementor-element-309f873 elementor-widget elementor-widget-heading\" data-id=\"309f873\" data-element_type=\"widget\" data-widget_type=\"heading.default\">\n\t\t\t\t<div class=\"elementor-widget-container\">\n\t\t\t<h2 class=\"elementor-heading-title elementor-size-default\">Plan d'acc\u00e8s et horaires<\/h2>\t\t<\/div>\n\t\t\t\t<\/div>\n\t\t\t\t\t<\/div>\n\t\t<\/div>\n\t\t\t\t\t<\/div>\n\t\t<\/section>\n\t\t\t\t<section class=\"elementor-section elementor-top-section elementor-element elementor-element-53712cd elementor-section-boxed elementor-section-height-default elementor-section-height-default\" data-id=\"53712cd\" data-element_type=\"section\">\n\t\t\t\t\t\t<div class=\"elementor-container elementor-column-gap-default\">\n\t\t\t\t\t<div class=\"elementor-column elementor-col-100 elementor-top-column elementor-element elementor-element-240bf49\" data-id=\"240bf49\" data-element_type=\"column\">\n\t\t\t<div class=\"elementor-widget-wrap elementor-element-populated\">\n\t\t\t\t\t\t<div class=\"elementor-element elementor-element-d7ad749 elementor-widget elementor-widget-google_maps\" data-id=\"d7ad749\" data-element_type=\"widget\" data-widget_type=\"google_maps.default\">\n\t\t\t\t<div class=\"elementor-widget-container\">\n\t\t\t\t\t<div class=\"elementor-custom-embed\">\n\t\t\t<iframe loading=\"lazy\"\n\t\t\t\t\tsrc=\"https:\/\/maps.google.com\/maps?q=14%20rue%20les%20corbi%C3%A8res%2C%2035170%20Bruz&#038;t=m&#038;z=16&#038;output=embed&#038;iwloc=near\"\n\t\t\t\t\ttitle=\"14 rue les corbi\u00e8res, 35170 Bruz\"\n\t\t\t\t\taria-label=\"14 rue les corbi\u00e8res, 35170 Bruz\"\n\t\t\t><\/iframe>\n\t\t<\/div>\n\t\t\t\t<\/div>\n\t\t\t\t<\/div>\n\t\t\t\t\t<\/div>\n\t\t<\/div>\n\t\t\t\t\t<\/div>\n\t\t<\/section>\n\t\t\t\t<section class=\"elementor-section elementor-top-section elementor-element elementor-element-b318520 elementor-section-boxed elementor-section-height-default elementor-section-height-default\" data-id=\"b318520\" data-element_type=\"section\">\n\t\t\t\t\t\t<div class=\"elementor-container elementor-column-gap-default\">\n\t\t\t\t\t<div class=\"elementor-column elementor-col-100 elementor-top-column elementor-element elementor-element-ca130a8\" data-id=\"ca130a8\" data-element_type=\"column\">\n\t\t\t<div class=\"elementor-widget-wrap elementor-element-populated\">\n\t\t\t\t\t\t<div class=\"elementor-element elementor-element-d5f4012 elementor-widget elementor-widget-spacer\" data-id=\"d5f4012\" data-element_type=\"widget\" data-widget_type=\"spacer.default\">\n\t\t\t\t<div class=\"elementor-widget-container\">\n\t\t\t\t\t<div class=\"elementor-spacer\">\n\t\t\t<div class=\"elementor-spacer-inner\"><\/div>\n\t\t<\/div>\n\t\t\t\t<\/div>\n\t\t\t\t<\/div>\n\t\t\t\t<div class=\"elementor-element elementor-element-6a9c716 elementor-widget elementor-widget-text-editor\" data-id=\"6a9c716\" data-element_type=\"widget\" data-widget_type=\"text-editor.default\">\n\t\t\t\t<div class=\"elementor-widget-container\">\n\t\t\t\t\t\t\t<p style=\"text-align: center;\"><span style=\"font-family: serif; color: #000000;\"><span style=\"font-size: large;\">Nous vous accueillons <strong>au cabinet param\u00e9dical des portes du golf<\/strong>, situ\u00e9<strong> 14 rue les corbi\u00e8res, 35170 Bruz.<\/strong><\/span><\/span><\/p><p style=\"text-align: center;\"><span style=\"font-family: serif; color: #000000;\"><span style=\"font-size: large;\"><strong>Lundi : 9h00-19h00 (L\u00e9a)<\/strong><\/span><\/span><\/p><p style=\"text-align: center;\"><span style=\"font-family: serif; color: #000000;\"><span style=\"font-size: large;\"><strong>Mardi : 9h00 -19h00 (L\u00e9a)<\/strong><\/span><\/span><\/p><p style=\"text-align: center;\"><span style=\"font-family: serif; color: #000000;\"><span style=\"font-size: large;\"><strong>Mercredi: 9h00 &#8211; 19h00 (Mika\u00ebl)<\/strong><\/span><\/span><\/p><p style=\"text-align: center;\"><span style=\"font-family: serif; color: #000000;\"><span style=\"font-size: large;\"><strong>Jeudi: 9h00 -19h00 (L\u00e9a)<\/strong><\/span><\/span><\/p><p style=\"text-align: center;\"><span style=\"font-family: serif; color: #000000;\"><span style=\"font-size: large;\"><strong>Vendredi: 9h00-18h00 (L\u00e9a)<\/strong><\/span><\/span><\/p><p style=\"text-align: center;\"><span style=\"font-family: serif; color: #000000;\"><span style=\"font-size: large;\">Vous trouverez un parking o\u00f9 vous pouvez vous garer.<\/span><\/span><\/p><p style=\"text-align: center;\"><span style=\"color: #000000;\"><span style=\"font-family: serif;\"><span style=\"font-size: large;\">Prise de rendez-vous par Doctolib ou au <\/span><\/span><strong><span style=\"font-family: Bookman Old Style, serif;\"><span style=\"font-size: large;\"><span style=\"font-family: Bookman Old Style, serif;\">06 51 35 97 65\u00a0<\/span><span style=\"font-family: serif;\"> (privil\u00e9giez les SMS)<\/span><\/span><\/span><\/strong><\/span><span style=\"font-size: large; color: #000000;\">\u00a0<\/span><\/p><p style=\"text-align: center;\"><span style=\"color: #000000;\"><span style=\"color: #000000;\"><span style=\"font-family: serif;\"><span style=\"font-size: large;\">Payement par ch\u00e8que, esp\u00e8ces ou virement bancaire<\/span><\/span><\/span><\/span><\/p>\t\t\t\t\t\t<\/div>\n\t\t\t\t<\/div>\n\t\t\t\t<div class=\"elementor-element elementor-element-c4bd1a6 elementor-widget elementor-widget-text-editor\" data-id=\"c4bd1a6\" data-element_type=\"widget\" data-widget_type=\"text-editor.default\">\n\t\t\t\t<div class=\"elementor-widget-container\">\n\t\t\t\t\t\t\t\t\t\t\t\t\t<\/div>\n\t\t\t\t<\/div>\n\t\t\t\t\t<\/div>\n\t\t<\/div>\n\t\t\t\t\t<\/div>\n\t\t<\/section>\n\t\t\t\t<section class=\"elementor-section elementor-top-section elementor-element elementor-element-38843bf elementor-section-boxed elementor-section-height-default elementor-section-height-default\" data-id=\"38843bf\" data-element_type=\"section\">\n\t\t\t\t\t\t<div class=\"elementor-container elementor-column-gap-default\">\n\t\t\t\t\t<div class=\"elementor-column elementor-col-100 elementor-top-column elementor-element elementor-element-51cf9ce\" data-id=\"51cf9ce\" data-element_type=\"column\">\n\t\t\t<div class=\"elementor-widget-wrap elementor-element-populated\">\n\t\t\t\t\t\t<div class=\"elementor-element elementor-element-e68090c elementor-widget elementor-widget-text-editor\" data-id=\"e68090c\" data-element_type=\"widget\" data-widget_type=\"text-editor.default\">\n\t\t\t\t<div class=\"elementor-widget-container\">\n\t\t\t\t\t\t\t<p><a style=\"display: flex; text-align: center; background-color: #107aca; color: #ffffff; font-size: 14px; overflow: hidden; font-family: Roboto, sans-serif; box-sizing: border-box; align-items: center; padding: 0 24px; z-index: 1000; height: 48px; text-decoration: none; position: fixed; bottom: 16px; right: 16px; border-bottom-left-radius: none; border-bottom-right-radius: none; border-top-left-radius: 4px; border-top-right-radius: 4px; border-radius: 24px;\" href=\"https:\/\/www.doctolib.fr\/osteopathe\/bruz\/lea-martin-bruz\/booking?source=external_referral&amp;utm_campaign=website-button&amp;utm_source=lea-martin-bruz-website-button&amp;utm_medium=referral&amp;utm_content=withoutpreview-blue-floating-bottom-right&amp;utm_term=lea-martin-bruz\" target=\"_blank\" rel=\"noopener\"> <!-- -->Prendre rendez-vous<!-- --> <img decoding=\"async\" style=\"vertical-align: middle; width: auto; height: 19px;\" src=\"https:\/\/pro.doctolib.fr\/external_button\/doctolib-white-transparent.png\" alt=\"Doctolib\" \/><\/a><\/p>\t\t\t\t\t\t<\/div>\n\t\t\t\t<\/div>\n\t\t\t\t\t<\/div>\n\t\t<\/div>\n\t\t\t\t\t<\/div>\n\t\t<\/section>\n\t\t\t\t<section class=\"elementor-section elementor-top-section elementor-element elementor-element-1bbfe29 elementor-section-boxed elementor-section-height-default elementor-section-height-default\" data-id=\"1bbfe29\" data-element_type=\"section\">\n\t\t\t\t\t\t<div class=\"elementor-container elementor-column-gap-default\">\n\t\t\t\t\t<div class=\"elementor-column elementor-col-100 elementor-top-column elementor-element elementor-element-fb61b5a\" data-id=\"fb61b5a\" data-element_type=\"column\">\n\t\t\t<div class=\"elementor-widget-wrap elementor-element-populated\">\n\t\t\t\t\t\t<div class=\"elementor-element elementor-element-5750f4f elementor-widget elementor-widget-image\" data-id=\"5750f4f\" data-element_type=\"widget\" data-widget_type=\"image.default\">\n\t\t\t\t<div class=\"elementor-widget-container\">\n\t\t\t\t\t\t\t\t\t\t\t\t\t<img fetchpriority=\"high\" decoding=\"async\" width=\"683\" height=\"1024\" src=\"https:\/\/lea-osteopathie.fr\/wp-content\/uploads\/2023\/10\/Lea-Buhler-Osteopathe-52-683x1024.jpg\" class=\"attachment-large size-large wp-image-1162\" alt=\"\" srcset=\"https:\/\/lea-osteopathie.fr\/wp-content\/uploads\/2023\/10\/Lea-Buhler-Osteopathe-52-683x1024.jpg 683w, https:\/\/lea-osteopathie.fr\/wp-content\/uploads\/2023\/10\/Lea-Buhler-Osteopathe-52-200x300.jpg 200w, https:\/\/lea-osteopathie.fr\/wp-content\/uploads\/2023\/10\/Lea-Buhler-Osteopathe-52-768x1152.jpg 768w, https:\/\/lea-osteopathie.fr\/wp-content\/uploads\/2023\/10\/Lea-Buhler-Osteopathe-52-1024x1536.jpg 1024w, https:\/\/lea-osteopathie.fr\/wp-content\/uploads\/2023\/10\/Lea-Buhler-Osteopathe-52-1365x2048.jpg 1365w, https:\/\/lea-osteopathie.fr\/wp-content\/uploads\/2023\/10\/Lea-Buhler-Osteopathe-52-scaled.jpg 1707w\" sizes=\"(max-width: 683px) 100vw, 683px\" \/>\t\t\t\t\t\t\t\t\t\t\t\t\t<\/div>\n\t\t\t\t<\/div>\n\t\t\t\t\t<\/div>\n\t\t<\/div>\n\t\t\t\t\t<\/div>\n\t\t<\/section>\n\t\t\t\t<section class=\"elementor-section elementor-top-section elementor-element elementor-element-e3913d3 elementor-section-boxed elementor-section-height-default elementor-section-height-default\" data-id=\"e3913d3\" data-element_type=\"section\">\n\t\t\t\t\t\t<div class=\"elementor-container elementor-column-gap-default\">\n\t\t\t\t\t<div class=\"elementor-column elementor-col-100 elementor-top-column elementor-element elementor-element-2f64869\" data-id=\"2f64869\" data-element_type=\"column\">\n\t\t\t<div class=\"elementor-widget-wrap elementor-element-populated\">\n\t\t\t\t\t\t<div class=\"elementor-element elementor-element-1e73ae1 elementor-widget elementor-widget-text-editor\" data-id=\"1e73ae1\" data-element_type=\"widget\" data-widget_type=\"text-editor.default\">\n\t\t\t\t<div class=\"elementor-widget-container\">\n\t\t\t\t\t\t\t<p>Photo : Lucile Aur\u00e9gan<\/p>\t\t\t\t\t\t<\/div>\n\t\t\t\t<\/div>\n\t\t\t\t\t<\/div>\n\t\t<\/div>\n\t\t\t\t\t<\/div>\n\t\t<\/section>\n\t\t\t\t<section class=\"elementor-section elementor-top-section elementor-element elementor-element-2f57f8b elementor-section-boxed elementor-section-height-default elementor-section-height-default\" data-id=\"2f57f8b\" data-element_type=\"section\">\n\t\t\t\t\t\t<div class=\"elementor-container elementor-column-gap-default\">\n\t\t\t\t\t<div class=\"elementor-column elementor-col-100 elementor-top-column elementor-element elementor-element-35b8240\" data-id=\"35b8240\" data-element_type=\"column\">\n\t\t\t<div class=\"elementor-widget-wrap elementor-element-populated\">\n\t\t\t\t\t\t<div class=\"elementor-element elementor-element-c6444b6 elementor-widget elementor-widget-text-editor\" data-id=\"c6444b6\" data-element_type=\"widget\" data-widget_type=\"text-editor.default\">\n\t\t\t\t<div class=\"elementor-widget-container\">\n\t\t\t\t\t\t\t<p style=\"text-align: center;\"><span style=\"font-family: serif; color: #000000;\"><span style=\"font-size: large;\">Nous nous r\u00e9jouissons de vous accueillir dans notre cabinet et de prendre soin de vous.<\/span><\/span><\/p>\n<p style=\"text-align: center;\"><span style=\"font-family: serif; color: #000000;\"><span style=\"font-size: large;\">Justine &amp; L\u00e9a<\/span><\/span><\/p>\t\t\t\t\t\t<\/div>\n\t\t\t\t<\/div>\n\t\t\t\t\t<\/div>\n\t\t<\/div>\n\t\t\t\t\t<\/div>\n\t\t<\/section>\n\t\t\t\t<section class=\"elementor-section elementor-top-section elementor-element elementor-element-5caa6e9 elementor-section-boxed elementor-section-height-default elementor-section-height-default\" data-id=\"5caa6e9\" data-element_type=\"section\">\n\t\t\t\t\t\t<div class=\"elementor-container elementor-column-gap-default\">\n\t\t\t\t\t<div class=\"elementor-column elementor-col-100 elementor-top-column elementor-element elementor-element-022a738\" data-id=\"022a738\" data-element_type=\"column\">\n\t\t\t<div class=\"elementor-widget-wrap elementor-element-populated\">\n\t\t\t\t\t\t<div class=\"elementor-element elementor-element-ae628b8 elementor-widget elementor-widget-image\" data-id=\"ae628b8\" data-element_type=\"widget\" data-widget_type=\"image.default\">\n\t\t\t\t<div class=\"elementor-widget-container\">\n\t\t\t\t\t\t\t\t\t\t\t\t\t<img decoding=\"async\" width=\"300\" height=\"300\" src=\"https:\/\/lea-osteopathie.fr\/wp-content\/uploads\/2023\/10\/illsutration-Marie-bassin-300x300.png\" class=\"attachment-medium size-medium wp-image-1216\" alt=\"\" srcset=\"https:\/\/lea-osteopathie.fr\/wp-content\/uploads\/2023\/10\/illsutration-Marie-bassin-300x300.png 300w, https:\/\/lea-osteopathie.fr\/wp-content\/uploads\/2023\/10\/illsutration-Marie-bassin-150x150.png 150w, https:\/\/lea-osteopathie.fr\/wp-content\/uploads\/2023\/10\/illsutration-Marie-bassin.png 500w\" sizes=\"(max-width: 300px) 100vw, 300px\" \/>\t\t\t\t\t\t\t\t\t\t\t\t\t<\/div>\n\t\t\t\t<\/div>\n\t\t\t\t\t<\/div>\n\t\t<\/div>\n\t\t\t\t\t<\/div>\n\t\t<\/section>\n\t\t\t\t<\/div>\n\t\t","protected":false},"excerpt":{"rendered":"<p>Plan d&rsquo;acc\u00e8s et horaires Nous vous accueillons au cabinet param\u00e9dical des portes du golf, situ\u00e9 14 rue les corbi\u00e8res, 35170 Bruz. Lundi : 9h00-19h00 (L\u00e9a) Mardi : 9h00 -19h00 (L\u00e9a) Mercredi: 9h00 &#8211; 19h00 (Mika\u00ebl) Jeudi: 9h00 -19h00 (L\u00e9a) Vendredi: 9h00-18h00 (L\u00e9a) Vous trouverez un parking o\u00f9 vous pouvez vous garer. Prise de rendez-vous par [&hellip;]<\/p>\n","protected":false},"author":1,"featured_media":0,"parent":0,"menu_order":0,"comment_status":"closed","ping_status":"closed","template":"","meta":{"footnotes":""},"class_list":["post-154","page","type-page","status-publish","hentry","entry"],"_links":{"self":[{"href":"https:\/\/lea-osteopathie.fr\/index.php?rest_route=\/wp\/v2\/pages\/154","targetHints":{"allow":["GET"]}}],"collection":[{"href":"https:\/\/lea-osteopathie.fr\/index.php?rest_route=\/wp\/v2\/pages"}],"about":[{"href":"https:\/\/lea-osteopathie.fr\/index.php?rest_route=\/wp\/v2\/types\/page"}],"author":[{"embeddable":true,"href":"https:\/\/lea-osteopathie.fr\/index.php?rest_route=\/wp\/v2\/users\/1"}],"replies":[{"embeddable":true,"href":"https:\/\/lea-osteopathie.fr\/index.php?rest_route=%2Fwp%2Fv2%2Fcomments&post=154"}],"version-history":[{"count":64,"href":"https:\/\/lea-osteopathie.fr\/index.php?rest_route=\/wp\/v2\/pages\/154\/revisions"}],"predecessor-version":[{"id":1709,"href":"https:\/\/lea-osteopathie.fr\/index.php?rest_route=\/wp\/v2\/pages\/154\/revisions\/1709"}],"wp:attachment":[{"href":"https:\/\/lea-osteopathie.fr\/index.php?rest_route=%2Fwp%2Fv2%2Fmedia&parent=154"}],"curies":[{"name":"wp","href":"https:\/\/api.w.org\/{rel}","templated":true}]}}