{"id":354,"date":"2019-06-14T17:49:40","date_gmt":"2019-06-14T15:49:40","guid":{"rendered":"http:\/\/lea-osteopathie.fr\/?page_id=354"},"modified":"2025-12-18T11:07:05","modified_gmt":"2025-12-18T10:07:05","slug":"senior","status":"publish","type":"page","link":"https:\/\/lea-osteopathie.fr\/?page_id=354","title":{"rendered":"Senior"},"content":{"rendered":"\t\t<div data-elementor-type=\"wp-post\" data-elementor-id=\"354\" class=\"elementor elementor-354\">\n\t\t\t\t\t\t<section class=\"elementor-section elementor-top-section elementor-element elementor-element-8fc82ab elementor-section-boxed elementor-section-height-default elementor-section-height-default\" data-id=\"8fc82ab\" data-element_type=\"section\">\n\t\t\t\t\t\t<div class=\"elementor-container elementor-column-gap-default\">\n\t\t\t\t\t<div class=\"elementor-column elementor-col-100 elementor-top-column elementor-element elementor-element-4199d28\" data-id=\"4199d28\" data-element_type=\"column\">\n\t\t\t<div class=\"elementor-widget-wrap elementor-element-populated\">\n\t\t\t\t\t\t<div class=\"elementor-element elementor-element-57a6d8b elementor-widget elementor-widget-heading\" data-id=\"57a6d8b\" data-element_type=\"widget\" data-widget_type=\"heading.default\">\n\t\t\t\t<div class=\"elementor-widget-container\">\n\t\t\t<h2 class=\"elementor-heading-title elementor-size-default\">Senior<\/h2>\t\t<\/div>\n\t\t\t\t<\/div>\n\t\t\t\t\t<\/div>\n\t\t<\/div>\n\t\t\t\t\t<\/div>\n\t\t<\/section>\n\t\t\t\t<section class=\"elementor-section elementor-top-section elementor-element elementor-element-7bde39e elementor-section-boxed elementor-section-height-default elementor-section-height-default\" data-id=\"7bde39e\" data-element_type=\"section\">\n\t\t\t\t\t\t<div class=\"elementor-container elementor-column-gap-default\">\n\t\t\t\t\t<div class=\"elementor-column elementor-col-100 elementor-top-column elementor-element elementor-element-99e733e\" data-id=\"99e733e\" data-element_type=\"column\">\n\t\t\t<div class=\"elementor-widget-wrap elementor-element-populated\">\n\t\t\t\t\t\t<div class=\"elementor-element elementor-element-3e4abf2 elementor-widget elementor-widget-text-editor\" data-id=\"3e4abf2\" data-element_type=\"widget\" data-widget_type=\"text-editor.default\">\n\t\t\t\t<div class=\"elementor-widget-container\">\n\t\t\t\t\t\t\t<p style=\"text-align: center;\"><strong><span style=\"color: #000000;\"><span style=\"font-family: serif;\"><span style=\"font-size: large;\">Un suivi r\u00e9gulier<\/span><\/span><span style=\"font-family: serif;\"><span style=\"font-size: large;\"> pour <\/span><\/span><span style=\"font-family: serif;\"><span style=\"font-size: large;\">continuer \u00e0 \u00eatre actif<\/span><\/span><span style=\"font-family: serif;\"><span style=\"font-size: large;\"> !<\/span><\/span><\/span><span style=\"color: #000000;\"><span style=\"font-family: serif;\"><span style=\"font-size: large;\"> L<\/span><\/span><span style=\"font-family: serif;\"><span style=\"font-size: large;\">e mouvement est la <\/span><\/span><span style=\"font-family: serif;\"><span style=\"font-size: large;\">clef<\/span><\/span><span style=\"font-family: serif;\"><span style=\"font-size: large;\"> pour l&rsquo;autonomie et donc<\/span><\/span><\/span><span style=\"font-family: serif;\"><span style=\"font-size: large;\"><span style=\"color: #000000;\"> un meilleur confort de vie.<\/span> <\/span><\/span><\/strong><\/p>\t\t\t\t\t\t<\/div>\n\t\t\t\t<\/div>\n\t\t\t\t\t<\/div>\n\t\t<\/div>\n\t\t\t\t\t<\/div>\n\t\t<\/section>\n\t\t\t\t<section class=\"elementor-section elementor-top-section elementor-element elementor-element-c4bc2f7 elementor-section-boxed elementor-section-height-default elementor-section-height-default\" data-id=\"c4bc2f7\" data-element_type=\"section\">\n\t\t\t\t\t\t<div class=\"elementor-container elementor-column-gap-default\">\n\t\t\t\t\t<div class=\"elementor-column elementor-col-100 elementor-top-column elementor-element elementor-element-7c27adf\" data-id=\"7c27adf\" data-element_type=\"column\">\n\t\t\t<div class=\"elementor-widget-wrap elementor-element-populated\">\n\t\t\t\t\t\t<div class=\"elementor-element elementor-element-0d2110b elementor-widget elementor-widget-image\" data-id=\"0d2110b\" data-element_type=\"widget\" data-widget_type=\"image.default\">\n\t\t\t\t<div class=\"elementor-widget-container\">\n\t\t\t\t\t\t\t\t\t\t\t\t\t<img fetchpriority=\"high\" decoding=\"async\" width=\"683\" height=\"1024\" src=\"https:\/\/lea-osteopathie.fr\/wp-content\/uploads\/2023\/10\/Lea-Buhler-Osteopathe-33-683x1024.jpg\" class=\"attachment-large size-large wp-image-1143\" alt=\"\" srcset=\"https:\/\/lea-osteopathie.fr\/wp-content\/uploads\/2023\/10\/Lea-Buhler-Osteopathe-33-683x1024.jpg 683w, https:\/\/lea-osteopathie.fr\/wp-content\/uploads\/2023\/10\/Lea-Buhler-Osteopathe-33-200x300.jpg 200w, https:\/\/lea-osteopathie.fr\/wp-content\/uploads\/2023\/10\/Lea-Buhler-Osteopathe-33-768x1152.jpg 768w, https:\/\/lea-osteopathie.fr\/wp-content\/uploads\/2023\/10\/Lea-Buhler-Osteopathe-33-1024x1536.jpg 1024w, https:\/\/lea-osteopathie.fr\/wp-content\/uploads\/2023\/10\/Lea-Buhler-Osteopathe-33-1365x2048.jpg 1365w, https:\/\/lea-osteopathie.fr\/wp-content\/uploads\/2023\/10\/Lea-Buhler-Osteopathe-33-scaled.jpg 1707w\" sizes=\"(max-width: 683px) 100vw, 683px\" \/>\t\t\t\t\t\t\t\t\t\t\t\t\t<\/div>\n\t\t\t\t<\/div>\n\t\t\t\t\t<\/div>\n\t\t<\/div>\n\t\t\t\t\t<\/div>\n\t\t<\/section>\n\t\t\t\t<section class=\"elementor-section elementor-top-section elementor-element elementor-element-27cf407 elementor-section-boxed elementor-section-height-default elementor-section-height-default\" data-id=\"27cf407\" data-element_type=\"section\">\n\t\t\t\t\t\t<div class=\"elementor-container elementor-column-gap-default\">\n\t\t\t\t\t<div class=\"elementor-column elementor-col-100 elementor-top-column elementor-element elementor-element-30ea8e8\" data-id=\"30ea8e8\" data-element_type=\"column\">\n\t\t\t<div class=\"elementor-widget-wrap elementor-element-populated\">\n\t\t\t\t\t\t<div class=\"elementor-element elementor-element-d976024 elementor-widget elementor-widget-text-editor\" data-id=\"d976024\" data-element_type=\"widget\" data-widget_type=\"text-editor.default\">\n\t\t\t\t<div class=\"elementor-widget-container\">\n\t\t\t\t\t\t\t<p>Photo : Lucile Aur\u00e9gan<\/p>\t\t\t\t\t\t<\/div>\n\t\t\t\t<\/div>\n\t\t\t\t\t<\/div>\n\t\t<\/div>\n\t\t\t\t\t<\/div>\n\t\t<\/section>\n\t\t\t\t<section class=\"elementor-section elementor-top-section elementor-element elementor-element-ee593f3 elementor-section-boxed elementor-section-height-default elementor-section-height-default\" data-id=\"ee593f3\" data-element_type=\"section\">\n\t\t\t\t\t\t<div class=\"elementor-container elementor-column-gap-default\">\n\t\t\t\t\t<div class=\"elementor-column elementor-col-100 elementor-top-column elementor-element elementor-element-04de2e9\" data-id=\"04de2e9\" data-element_type=\"column\">\n\t\t\t<div class=\"elementor-widget-wrap elementor-element-populated\">\n\t\t\t\t\t\t<div class=\"elementor-element elementor-element-bf0c8f5 elementor-widget elementor-widget-heading\" data-id=\"bf0c8f5\" data-element_type=\"widget\" data-widget_type=\"heading.default\">\n\t\t\t\t<div class=\"elementor-widget-container\">\n\t\t\t<h2 class=\"elementor-heading-title elementor-size-default\">Prise en charge<\/h2>\t\t<\/div>\n\t\t\t\t<\/div>\n\t\t\t\t\t<\/div>\n\t\t<\/div>\n\t\t\t\t\t<\/div>\n\t\t<\/section>\n\t\t\t\t<section class=\"elementor-section elementor-top-section elementor-element elementor-element-f8bb089 elementor-section-boxed elementor-section-height-default elementor-section-height-default\" data-id=\"f8bb089\" data-element_type=\"section\">\n\t\t\t\t\t\t<div class=\"elementor-container elementor-column-gap-default\">\n\t\t\t\t\t<div class=\"elementor-column elementor-col-100 elementor-top-column elementor-element elementor-element-c8c2381\" data-id=\"c8c2381\" data-element_type=\"column\">\n\t\t\t<div class=\"elementor-widget-wrap elementor-element-populated\">\n\t\t\t\t\t\t<div class=\"elementor-element elementor-element-89629a8 elementor-widget elementor-widget-text-editor\" data-id=\"89629a8\" data-element_type=\"widget\" data-widget_type=\"text-editor.default\">\n\t\t\t\t<div class=\"elementor-widget-container\">\n\t\t\t\t\t\t\t<table width=\"100%\" cellspacing=\"0\" cellpadding=\"5\"><colgroup> <col width=\"74*\" \/> <col width=\"86*\" \/> <col width=\"96*\" \/> <\/colgroup><tbody><tr valign=\"top\"><td width=\"29%\"><strong><span style=\"font-family: serif; color: #000000;\"><span style=\"font-size: large;\">Quand?<\/span><\/span><\/strong><\/td><td width=\"36%\"><strong><span style=\"font-family: serif; color: #000000;\"><span style=\"font-size: large;\">Pourquoi ?<\/span><\/span><\/strong><\/td><td width=\"35%\"><strong><span style=\"font-family: serif; color: #000000;\"><span style=\"font-size: large;\">Indications ? <\/span><\/span><\/strong><\/td><\/tr><tr valign=\"top\"><td width=\"29%\"><span style=\"font-family: serif; color: #000000;\"><span style=\"font-size: large;\">Retrouver une meilleure mobilit\u00e9<\/span><\/span><\/td><td width=\"36%\"><p><span style=\"font-family: serif; color: #000000;\"><span style=\"font-size: large;\">Conserver ses activit\u00e9s quotidiennes<\/span><\/span><\/p><p><span style=\"font-family: serif; color: #000000;\"><span style=\"font-size: large;\">Pr\u00e9vention de la s\u00e9dentarit\u00e9 pr\u00e9coce<\/span><\/span><\/p><\/td><td width=\"35%\"><ul><li><span style=\"font-family: serif; color: #000000;\"><span style=\"font-size: large;\">raideur<\/span><\/span><\/li><li><span style=\"font-family: serif; color: #000000;\"><span style=\"font-size: large;\">lombalgie, dorsalgie, cervicalgie<\/span><\/span><\/li><li><span style=\"font-family: serif; color: #000000;\"><span style=\"font-size: large;\">fatigue <\/span><\/span><\/li><li><span style=\"font-family: serif; color: #000000;\"><span style=\"font-size: large;\">difficult\u00e9 \u00e0 faire certains mouvements<\/span><\/span><\/li><\/ul><\/td><\/tr><tr valign=\"top\"><td width=\"29%\"><span style=\"font-family: serif; color: #000000;\"><span style=\"font-size: large;\">Entretenir ses facult\u00e9s mentales <\/span><\/span><\/td><td width=\"36%\"><span style=\"font-family: serif; color: #000000;\"><span style=\"font-size: large;\">Assurer une bonne circulation des fluides surtout du syst\u00e8me vasculaire<\/span><\/span><\/td><td width=\"35%\"><ul><li><span style=\"font-family: serif; color: #000000;\"><span style=\"font-size: large;\">perte d&rsquo;\u00e9quilibre<\/span><\/span><\/li><li><span style=\"font-family: serif; color: #000000;\"><span style=\"font-size: large;\">perte de coordination, de concentration <\/span><\/span><\/li><li><span style=\"font-family: serif; color: #000000;\"><span style=\"font-size: large;\">perte de la m\u00e9moire<\/span><\/span><\/li><\/ul><\/td><\/tr><tr valign=\"top\"><td width=\"29%\"><span style=\"font-family: serif; color: #000000;\"><span style=\"font-size: large;\">Accompagnement des maladies d\u00e9g\u00e9n\u00e9ratives<\/span><\/span><\/td><td width=\"36%\"><span style=\"font-family: serif; color: #000000;\"><span style=\"font-size: large;\">\u00c9liminer les tensions secondaires \u00e0 la pathologie ainsi que d&rsquo;\u00e9ventuels effets secondaires aux traitements<\/span><\/span><\/td><td width=\"35%\"><ul><li><span style=\"font-family: serif; color: #000000;\"><span style=\"font-size: large;\">arthrose<\/span><\/span><\/li><li><span style=\"font-family: serif; color: #000000;\"><span style=\"font-size: large;\">arthrite<\/span><\/span><\/li><li><span style=\"font-family: serif; color: #000000;\"><span style=\"font-size: large;\">maladie rhumatismale<\/span><\/span><\/li><li><span style=\"font-family: serif; color: #000000;\"><span style=\"font-size: large;\">pathologies <\/span><\/span><\/li><\/ul><\/td><\/tr><\/tbody><\/table><h2 class=\"western\">\u00a0<\/h2>\t\t\t\t\t\t<\/div>\n\t\t\t\t<\/div>\n\t\t\t\t\t<\/div>\n\t\t<\/div>\n\t\t\t\t\t<\/div>\n\t\t<\/section>\n\t\t\t\t<section class=\"elementor-section elementor-top-section elementor-element elementor-element-5809fb8 elementor-section-boxed elementor-section-height-default elementor-section-height-default\" data-id=\"5809fb8\" data-element_type=\"section\">\n\t\t\t\t\t\t<div class=\"elementor-container elementor-column-gap-default\">\n\t\t\t\t\t<div class=\"elementor-column elementor-col-100 elementor-top-column elementor-element elementor-element-1ed8f53\" data-id=\"1ed8f53\" data-element_type=\"column\">\n\t\t\t<div class=\"elementor-widget-wrap elementor-element-populated\">\n\t\t\t\t\t\t<div class=\"elementor-element elementor-element-1f7c3dc elementor-widget elementor-widget-image\" data-id=\"1f7c3dc\" data-element_type=\"widget\" data-widget_type=\"image.default\">\n\t\t\t\t<div class=\"elementor-widget-container\">\n\t\t\t\t\t\t\t\t\t\t\t\t\t<img decoding=\"async\" width=\"683\" height=\"1024\" src=\"https:\/\/lea-osteopathie.fr\/wp-content\/uploads\/2023\/10\/Lea-Buhler-Osteopathe-34-683x1024.jpg\" class=\"attachment-large size-large wp-image-1144\" alt=\"\" srcset=\"https:\/\/lea-osteopathie.fr\/wp-content\/uploads\/2023\/10\/Lea-Buhler-Osteopathe-34-683x1024.jpg 683w, https:\/\/lea-osteopathie.fr\/wp-content\/uploads\/2023\/10\/Lea-Buhler-Osteopathe-34-200x300.jpg 200w, https:\/\/lea-osteopathie.fr\/wp-content\/uploads\/2023\/10\/Lea-Buhler-Osteopathe-34-768x1152.jpg 768w, https:\/\/lea-osteopathie.fr\/wp-content\/uploads\/2023\/10\/Lea-Buhler-Osteopathe-34-1024x1536.jpg 1024w, https:\/\/lea-osteopathie.fr\/wp-content\/uploads\/2023\/10\/Lea-Buhler-Osteopathe-34-1365x2048.jpg 1365w, https:\/\/lea-osteopathie.fr\/wp-content\/uploads\/2023\/10\/Lea-Buhler-Osteopathe-34-scaled.jpg 1707w\" sizes=\"(max-width: 683px) 100vw, 683px\" \/>\t\t\t\t\t\t\t\t\t\t\t\t\t<\/div>\n\t\t\t\t<\/div>\n\t\t\t\t\t<\/div>\n\t\t<\/div>\n\t\t\t\t\t<\/div>\n\t\t<\/section>\n\t\t\t\t<section class=\"elementor-section elementor-top-section elementor-element elementor-element-c010f7d elementor-section-boxed elementor-section-height-default elementor-section-height-default\" data-id=\"c010f7d\" data-element_type=\"section\">\n\t\t\t\t\t\t<div class=\"elementor-container elementor-column-gap-default\">\n\t\t\t\t\t<div class=\"elementor-column elementor-col-100 elementor-top-column elementor-element elementor-element-009f102\" data-id=\"009f102\" data-element_type=\"column\">\n\t\t\t<div class=\"elementor-widget-wrap elementor-element-populated\">\n\t\t\t\t\t\t<div class=\"elementor-element elementor-element-a04db61 elementor-widget elementor-widget-text-editor\" data-id=\"a04db61\" data-element_type=\"widget\" data-widget_type=\"text-editor.default\">\n\t\t\t\t<div class=\"elementor-widget-container\">\n\t\t\t\t\t\t\t<p>Photo : Lucile Aur\u00e9gan<\/p>\t\t\t\t\t\t<\/div>\n\t\t\t\t<\/div>\n\t\t\t\t\t<\/div>\n\t\t<\/div>\n\t\t\t\t\t<\/div>\n\t\t<\/section>\n\t\t\t\t<section class=\"elementor-section elementor-top-section elementor-element elementor-element-0de14e3 elementor-section-boxed elementor-section-height-default elementor-section-height-default\" data-id=\"0de14e3\" data-element_type=\"section\">\n\t\t\t\t\t\t<div class=\"elementor-container elementor-column-gap-default\">\n\t\t\t\t\t<div class=\"elementor-column elementor-col-100 elementor-top-column elementor-element elementor-element-d33700e\" data-id=\"d33700e\" data-element_type=\"column\">\n\t\t\t<div class=\"elementor-widget-wrap elementor-element-populated\">\n\t\t\t\t\t\t<div class=\"elementor-element elementor-element-6a0562b elementor-widget elementor-widget-text-editor\" data-id=\"6a0562b\" data-element_type=\"widget\" data-widget_type=\"text-editor.default\">\n\t\t\t\t<div class=\"elementor-widget-container\">\n\t\t\t\t\t\t\t<p class=\"western\" style=\"text-align: center;\"><span style=\"color: #000000;\"><span style=\"font-family: serif;\"><span style=\"font-size: large;\">Notre prise en charge sera le plus souvent pluridisciplinaire. Notre r\u00f4le est avant tout pr\u00e9ventif. Nous sommes l\u00e0 pour vous accompagner au mieux \u00e0 travers la maladie mais nous n&rsquo;avons en aucun cas la pr\u00e9tention de pouvoir vous gu\u00e9rir d&rsquo;une pathologie d\u00e9g\u00e9n\u00e9rative, auto-immune ou encore canc\u00e9reuse.<\/span><\/span><\/span><\/p>\t\t\t\t\t\t<\/div>\n\t\t\t\t<\/div>\n\t\t\t\t\t<\/div>\n\t\t<\/div>\n\t\t\t\t\t<\/div>\n\t\t<\/section>\n\t\t\t\t<section class=\"elementor-section elementor-top-section elementor-element elementor-element-768a19c elementor-section-boxed elementor-section-height-default elementor-section-height-default\" data-id=\"768a19c\" data-element_type=\"section\">\n\t\t\t\t\t\t<div class=\"elementor-container elementor-column-gap-default\">\n\t\t\t\t\t<div class=\"elementor-column elementor-col-100 elementor-top-column elementor-element elementor-element-73e8d82\" data-id=\"73e8d82\" data-element_type=\"column\">\n\t\t\t<div class=\"elementor-widget-wrap elementor-element-populated\">\n\t\t\t\t\t\t<div class=\"elementor-element elementor-element-2664add elementor-widget elementor-widget-image\" data-id=\"2664add\" data-element_type=\"widget\" data-widget_type=\"image.default\">\n\t\t\t\t<div class=\"elementor-widget-container\">\n\t\t\t\t\t\t\t\t\t\t\t\t\t<img decoding=\"async\" width=\"300\" height=\"300\" src=\"https:\/\/lea-osteopathie.fr\/wp-content\/uploads\/2023\/10\/illsutration-Marie-bassin-300x300.png\" class=\"attachment-medium size-medium wp-image-1216\" alt=\"\" srcset=\"https:\/\/lea-osteopathie.fr\/wp-content\/uploads\/2023\/10\/illsutration-Marie-bassin-300x300.png 300w, https:\/\/lea-osteopathie.fr\/wp-content\/uploads\/2023\/10\/illsutration-Marie-bassin-150x150.png 150w, https:\/\/lea-osteopathie.fr\/wp-content\/uploads\/2023\/10\/illsutration-Marie-bassin.png 500w\" sizes=\"(max-width: 300px) 100vw, 300px\" \/>\t\t\t\t\t\t\t\t\t\t\t\t\t<\/div>\n\t\t\t\t<\/div>\n\t\t\t\t\t<\/div>\n\t\t<\/div>\n\t\t\t\t\t<\/div>\n\t\t<\/section>\n\t\t\t\t<\/div>\n\t\t","protected":false},"excerpt":{"rendered":"<p>Senior Un suivi r\u00e9gulier pour continuer \u00e0 \u00eatre actif ! Le mouvement est la clef pour l&rsquo;autonomie et donc un meilleur confort de vie. Photo : Lucile Aur\u00e9gan Prise en charge Quand? Pourquoi ? Indications ? Retrouver une meilleure mobilit\u00e9 Conserver ses activit\u00e9s quotidiennes Pr\u00e9vention de la s\u00e9dentarit\u00e9 pr\u00e9coce raideur lombalgie, dorsalgie, cervicalgie fatigue difficult\u00e9 [&hellip;]<\/p>\n","protected":false},"author":1,"featured_media":0,"parent":0,"menu_order":0,"comment_status":"closed","ping_status":"closed","template":"","meta":{"footnotes":""},"class_list":["post-354","page","type-page","status-publish","hentry","entry"],"_links":{"self":[{"href":"https:\/\/lea-osteopathie.fr\/index.php?rest_route=\/wp\/v2\/pages\/354","targetHints":{"allow":["GET"]}}],"collection":[{"href":"https:\/\/lea-osteopathie.fr\/index.php?rest_route=\/wp\/v2\/pages"}],"about":[{"href":"https:\/\/lea-osteopathie.fr\/index.php?rest_route=\/wp\/v2\/types\/page"}],"author":[{"embeddable":true,"href":"https:\/\/lea-osteopathie.fr\/index.php?rest_route=\/wp\/v2\/users\/1"}],"replies":[{"embeddable":true,"href":"https:\/\/lea-osteopathie.fr\/index.php?rest_route=%2Fwp%2Fv2%2Fcomments&post=354"}],"version-history":[{"count":34,"href":"https:\/\/lea-osteopathie.fr\/index.php?rest_route=\/wp\/v2\/pages\/354\/revisions"}],"predecessor-version":[{"id":1573,"href":"https:\/\/lea-osteopathie.fr\/index.php?rest_route=\/wp\/v2\/pages\/354\/revisions\/1573"}],"wp:attachment":[{"href":"https:\/\/lea-osteopathie.fr\/index.php?rest_route=%2Fwp%2Fv2%2Fmedia&parent=354"}],"curies":[{"name":"wp","href":"https:\/\/api.w.org\/{rel}","templated":true}]}}