{"id":41,"date":"2019-04-15T11:10:37","date_gmt":"2019-04-15T09:10:37","guid":{"rendered":"http:\/\/lea-osteopathie.fr\/?page_id=41"},"modified":"2026-02-09T13:56:18","modified_gmt":"2026-02-09T12:56:18","slug":"page-accueil","status":"publish","type":"page","link":"https:\/\/lea-osteopathie.fr\/","title":{"rendered":"Page accueil"},"content":{"rendered":"\t\t<div data-elementor-type=\"wp-post\" data-elementor-id=\"41\" class=\"elementor elementor-41\">\n\t\t\t\t\t\t<section class=\"elementor-section elementor-top-section elementor-element elementor-element-139c614 elementor-section-boxed elementor-section-height-default elementor-section-height-default\" data-id=\"139c614\" data-element_type=\"section\">\n\t\t\t\t\t\t<div class=\"elementor-container elementor-column-gap-default\">\n\t\t\t\t\t<div class=\"elementor-column elementor-col-100 elementor-top-column elementor-element elementor-element-1571f16\" data-id=\"1571f16\" data-element_type=\"column\">\n\t\t\t<div class=\"elementor-widget-wrap elementor-element-populated\">\n\t\t\t\t\t\t<div class=\"elementor-element elementor-element-81ce712 elementor-widget elementor-widget-heading\" data-id=\"81ce712\" data-element_type=\"widget\" data-widget_type=\"heading.default\">\n\t\t\t\t<div class=\"elementor-widget-container\">\n\t\t\t<h2 class=\"elementor-heading-title elementor-size-default\">Bienvenue au Cabinet Ost\u00e9oSens<\/h2>\t\t<\/div>\n\t\t\t\t<\/div>\n\t\t\t\t\t<\/div>\n\t\t<\/div>\n\t\t\t\t\t<\/div>\n\t\t<\/section>\n\t\t\t\t<section class=\"elementor-section elementor-top-section elementor-element elementor-element-83b7a1d elementor-section-boxed elementor-section-height-default elementor-section-height-default\" data-id=\"83b7a1d\" data-element_type=\"section\">\n\t\t\t\t\t\t<div class=\"elementor-container elementor-column-gap-default\">\n\t\t\t\t\t<div class=\"elementor-column elementor-col-100 elementor-top-column elementor-element elementor-element-8e2cd61\" data-id=\"8e2cd61\" data-element_type=\"column\">\n\t\t\t<div class=\"elementor-widget-wrap elementor-element-populated\">\n\t\t\t\t\t\t<div class=\"elementor-element elementor-element-b4693d1 elementor-widget elementor-widget-image\" data-id=\"b4693d1\" data-element_type=\"widget\" data-widget_type=\"image.default\">\n\t\t\t\t<div class=\"elementor-widget-container\">\n\t\t\t\t\t\t\t\t\t\t\t\t\t<img fetchpriority=\"high\" decoding=\"async\" width=\"683\" height=\"1024\" src=\"https:\/\/lea-osteopathie.fr\/wp-content\/uploads\/2025\/12\/osteosens-58-683x1024.jpg\" class=\"attachment-large size-large wp-image-1612\" alt=\"\" srcset=\"https:\/\/lea-osteopathie.fr\/wp-content\/uploads\/2025\/12\/osteosens-58-683x1024.jpg 683w, https:\/\/lea-osteopathie.fr\/wp-content\/uploads\/2025\/12\/osteosens-58-200x300.jpg 200w, https:\/\/lea-osteopathie.fr\/wp-content\/uploads\/2025\/12\/osteosens-58-768x1152.jpg 768w, https:\/\/lea-osteopathie.fr\/wp-content\/uploads\/2025\/12\/osteosens-58-1024x1536.jpg 1024w, https:\/\/lea-osteopathie.fr\/wp-content\/uploads\/2025\/12\/osteosens-58-1365x2048.jpg 1365w, https:\/\/lea-osteopathie.fr\/wp-content\/uploads\/2025\/12\/osteosens-58-scaled.jpg 1707w\" sizes=\"(max-width: 683px) 100vw, 683px\" \/>\t\t\t\t\t\t\t\t\t\t\t\t\t<\/div>\n\t\t\t\t<\/div>\n\t\t\t\t\t<\/div>\n\t\t<\/div>\n\t\t\t\t\t<\/div>\n\t\t<\/section>\n\t\t\t\t<section class=\"elementor-section elementor-top-section elementor-element elementor-element-5182ac0 elementor-section-boxed elementor-section-height-default elementor-section-height-default\" data-id=\"5182ac0\" data-element_type=\"section\">\n\t\t\t\t\t\t<div class=\"elementor-container elementor-column-gap-default\">\n\t\t\t\t\t<div class=\"elementor-column elementor-col-100 elementor-top-column elementor-element elementor-element-b3c2291\" data-id=\"b3c2291\" data-element_type=\"column\">\n\t\t\t<div class=\"elementor-widget-wrap elementor-element-populated\">\n\t\t\t\t\t\t<div class=\"elementor-element elementor-element-2d80f75 elementor-widget elementor-widget-text-editor\" data-id=\"2d80f75\" data-element_type=\"widget\" data-widget_type=\"text-editor.default\">\n\t\t\t\t<div class=\"elementor-widget-container\">\n\t\t\t\t\t\t\t<p>Photo: Lucile Aur\u00e9gan\u00a0<\/p>\t\t\t\t\t\t<\/div>\n\t\t\t\t<\/div>\n\t\t\t\t\t<\/div>\n\t\t<\/div>\n\t\t\t\t\t<\/div>\n\t\t<\/section>\n\t\t\t\t<section class=\"elementor-section elementor-top-section elementor-element elementor-element-a9624d3 elementor-section-boxed elementor-section-height-default elementor-section-height-default\" data-id=\"a9624d3\" data-element_type=\"section\">\n\t\t\t\t\t\t<div class=\"elementor-container elementor-column-gap-default\">\n\t\t\t\t\t<div class=\"elementor-column elementor-col-100 elementor-top-column elementor-element elementor-element-45ff83b\" data-id=\"45ff83b\" data-element_type=\"column\">\n\t\t\t<div class=\"elementor-widget-wrap elementor-element-populated\">\n\t\t\t\t\t\t<div class=\"elementor-element elementor-element-07ca472 elementor-widget elementor-widget-text-editor\" data-id=\"07ca472\" data-element_type=\"widget\" data-widget_type=\"text-editor.default\">\n\t\t\t\t<div class=\"elementor-widget-container\">\n\t\t\t\t\t\t\t<h2>Nous avons le plaisir de vous accueillir au cabinet param\u00e9dical des portes du golf et de prendre soin de vous.\u00a0<\/h2><h2><strong>L\u00e9a &amp; Mika\u00ebl<\/strong><\/h2>\t\t\t\t\t\t<\/div>\n\t\t\t\t<\/div>\n\t\t\t\t\t<\/div>\n\t\t<\/div>\n\t\t\t\t\t<\/div>\n\t\t<\/section>\n\t\t\t\t<section class=\"elementor-section elementor-top-section elementor-element elementor-element-1e3522b elementor-section-boxed elementor-section-height-default elementor-section-height-default\" data-id=\"1e3522b\" data-element_type=\"section\">\n\t\t\t\t\t\t<div class=\"elementor-container elementor-column-gap-default\">\n\t\t\t\t\t<div class=\"elementor-column elementor-col-100 elementor-top-column elementor-element elementor-element-4efcfa0\" data-id=\"4efcfa0\" data-element_type=\"column\">\n\t\t\t<div class=\"elementor-widget-wrap elementor-element-populated\">\n\t\t\t\t\t\t<div class=\"elementor-element elementor-element-479371c elementor-widget elementor-widget-image\" data-id=\"479371c\" data-element_type=\"widget\" data-widget_type=\"image.default\">\n\t\t\t\t<div class=\"elementor-widget-container\">\n\t\t\t\t\t\t\t\t\t\t\t\t\t<img decoding=\"async\" width=\"768\" height=\"512\" src=\"https:\/\/lea-osteopathie.fr\/wp-content\/uploads\/2023\/10\/Lea-Buhler-Osteopathe-97-768x512.jpg\" class=\"attachment-medium_large size-medium_large wp-image-1208\" alt=\"\" srcset=\"https:\/\/lea-osteopathie.fr\/wp-content\/uploads\/2023\/10\/Lea-Buhler-Osteopathe-97-768x512.jpg 768w, https:\/\/lea-osteopathie.fr\/wp-content\/uploads\/2023\/10\/Lea-Buhler-Osteopathe-97-300x200.jpg 300w, https:\/\/lea-osteopathie.fr\/wp-content\/uploads\/2023\/10\/Lea-Buhler-Osteopathe-97-1024x683.jpg 1024w, https:\/\/lea-osteopathie.fr\/wp-content\/uploads\/2023\/10\/Lea-Buhler-Osteopathe-97-1536x1024.jpg 1536w, https:\/\/lea-osteopathie.fr\/wp-content\/uploads\/2023\/10\/Lea-Buhler-Osteopathe-97-2048x1365.jpg 2048w\" sizes=\"(max-width: 768px) 100vw, 768px\" \/>\t\t\t\t\t\t\t\t\t\t\t\t\t<\/div>\n\t\t\t\t<\/div>\n\t\t\t\t\t<\/div>\n\t\t<\/div>\n\t\t\t\t\t<\/div>\n\t\t<\/section>\n\t\t\t\t<section class=\"elementor-section elementor-top-section elementor-element elementor-element-7353f4e elementor-section-boxed elementor-section-height-default elementor-section-height-default\" data-id=\"7353f4e\" data-element_type=\"section\">\n\t\t\t\t\t\t<div class=\"elementor-container elementor-column-gap-default\">\n\t\t\t\t\t<div class=\"elementor-column elementor-col-100 elementor-top-column elementor-element elementor-element-9df1658\" data-id=\"9df1658\" data-element_type=\"column\">\n\t\t\t<div class=\"elementor-widget-wrap elementor-element-populated\">\n\t\t\t\t\t\t<div class=\"elementor-element elementor-element-62b727a elementor-widget elementor-widget-text-editor\" data-id=\"62b727a\" data-element_type=\"widget\" data-widget_type=\"text-editor.default\">\n\t\t\t\t<div class=\"elementor-widget-container\">\n\t\t\t\t\t\t\t<p>Photo: Lucile Aur\u00e9gan<\/p>\t\t\t\t\t\t<\/div>\n\t\t\t\t<\/div>\n\t\t\t\t\t<\/div>\n\t\t<\/div>\n\t\t\t\t\t<\/div>\n\t\t<\/section>\n\t\t\t\t<section class=\"elementor-section elementor-top-section elementor-element elementor-element-08fc6e5 elementor-section-boxed elementor-section-height-default elementor-section-height-default\" data-id=\"08fc6e5\" data-element_type=\"section\">\n\t\t\t\t\t\t<div class=\"elementor-container elementor-column-gap-default\">\n\t\t\t\t\t<div class=\"elementor-column elementor-col-100 elementor-top-column elementor-element elementor-element-42bbeb3\" data-id=\"42bbeb3\" data-element_type=\"column\">\n\t\t\t<div class=\"elementor-widget-wrap elementor-element-populated\">\n\t\t\t\t\t\t<div class=\"elementor-element elementor-element-61905f0 elementor-widget elementor-widget-text-editor\" data-id=\"61905f0\" data-element_type=\"widget\" data-widget_type=\"text-editor.default\">\n\t\t\t\t<div class=\"elementor-widget-container\">\n\t\t\t\t\t\t\t<h2 style=\"text-align: center;\">CONSULTATIONS SUR RENDEZ-VOUS<\/h2><h2 style=\"text-align: center;\">Doctolib ou au 0651359765\u00a0<\/h2>\t\t\t\t\t\t<\/div>\n\t\t\t\t<\/div>\n\t\t\t\t\t<\/div>\n\t\t<\/div>\n\t\t\t\t\t<\/div>\n\t\t<\/section>\n\t\t\t\t<section class=\"elementor-section elementor-top-section elementor-element elementor-element-11a522b elementor-section-boxed elementor-section-height-default elementor-section-height-default\" data-id=\"11a522b\" data-element_type=\"section\">\n\t\t\t\t\t\t<div class=\"elementor-container elementor-column-gap-default\">\n\t\t\t\t\t<div class=\"elementor-column elementor-col-100 elementor-top-column elementor-element elementor-element-5d82f0a\" data-id=\"5d82f0a\" data-element_type=\"column\">\n\t\t\t<div class=\"elementor-widget-wrap elementor-element-populated\">\n\t\t\t\t\t\t<div class=\"elementor-element elementor-element-1351dbc elementor-widget elementor-widget-text-editor\" data-id=\"1351dbc\" data-element_type=\"widget\" data-widget_type=\"text-editor.default\">\n\t\t\t\t<div class=\"elementor-widget-container\">\n\t\t\t\t\t\t\t<a href=\"https:\/\/www.doctolib.fr\/osteopathe\/bruz\/lea-martin-bruz\/booking?source=external_referral&amp;utm_campaign=website-button&amp;utm_source=lea-martin-bruz-website-button&amp;utm_medium=referral&amp;utm_content=withoutpreview-blue-floating-bottom-right&amp;utm_term=lea-martin-bruz\" style=\"display:flex;text-align:center;background-color:#107ACA;color:#ffffff;font-size:14px;overflow:hidden;font-family:Roboto, sans-serif;box-sizing:border-box;align-items:center;padding:0 24px;z-index:1000;height:48px;text-decoration:none;position:fixed;bottom:16px;right:16px;border-bottom-left-radius:none;border-bottom-right-radius:none;border-top-left-radius:4px;border-top-right-radius:4px;border-radius:24px\" target=\"_blank\"> <!-- -->Prendre rendez-vous<!-- --> <img decoding=\"async\" style=\"vertical-align:middle;width:auto;height:19px\" src=\"https:\/\/pro.doctolib.fr\/external_button\/doctolib-white-transparent.png\" alt=\"Doctolib\"\/><\/a>\t\t\t\t\t\t<\/div>\n\t\t\t\t<\/div>\n\t\t\t\t\t<\/div>\n\t\t<\/div>\n\t\t\t\t\t<\/div>\n\t\t<\/section>\n\t\t\t\t<section class=\"elementor-section elementor-top-section elementor-element elementor-element-dfbc102 elementor-section-boxed elementor-section-height-default elementor-section-height-default\" data-id=\"dfbc102\" data-element_type=\"section\">\n\t\t\t\t\t\t<div class=\"elementor-container elementor-column-gap-default\">\n\t\t\t\t\t<div class=\"elementor-column elementor-col-50 elementor-top-column elementor-element elementor-element-4eba3e9\" data-id=\"4eba3e9\" data-element_type=\"column\">\n\t\t\t<div class=\"elementor-widget-wrap elementor-element-populated\">\n\t\t\t\t\t\t<div class=\"elementor-element elementor-element-6d1f8ed elementor-widget elementor-widget-text-editor\" data-id=\"6d1f8ed\" data-element_type=\"widget\" data-widget_type=\"text-editor.default\">\n\t\t\t\t<div class=\"elementor-widget-container\">\n\t\t\t\t\t\t\t<p class=\"western\"><span style=\"color: #000000;\"><span style=\"font-family:serif;\"><span style=\"font-size: large;\"><i>\u00ab\u00a0<\/i><\/span><\/span><\/span><span style=\"color: #000000;\"><span style=\"font-family:serif;\"><span style=\"font-size: large;\"><i>Le devoir du praticien n&rsquo;est pas de gu\u00e9rir le malade mais d&rsquo;ajuster une partie ou l&rsquo;ensemble du syst\u00e8me afin que les fleuves de la vie puissent s&rsquo;\u00e9couler et irriguer les champs dess\u00e9ch\u00e9s.\u00a0\u00bb <\/i>Andrew Taylor Still (fondateur de l&rsquo;ost\u00e9opathie)<\/span><\/span><\/span><\/p>\t\t\t\t\t\t<\/div>\n\t\t\t\t<\/div>\n\t\t\t\t\t<\/div>\n\t\t<\/div>\n\t\t\t\t<div class=\"elementor-column elementor-col-50 elementor-top-column elementor-element elementor-element-8656d15\" data-id=\"8656d15\" data-element_type=\"column\">\n\t\t\t<div class=\"elementor-widget-wrap elementor-element-populated\">\n\t\t\t\t\t\t<div class=\"elementor-element elementor-element-782595d elementor-widget elementor-widget-image\" data-id=\"782595d\" data-element_type=\"widget\" data-widget_type=\"image.default\">\n\t\t\t\t<div class=\"elementor-widget-container\">\n\t\t\t\t\t\t\t\t\t\t\t\t\t<img decoding=\"async\" width=\"291\" height=\"206\" src=\"https:\/\/lea-osteopathie.fr\/wp-content\/uploads\/2019\/05\/20106398_1754042591275742_3694395922550895944_n.jpg\" class=\"attachment-large size-large wp-image-94\" alt=\"\" \/>\t\t\t\t\t\t\t\t\t\t\t\t\t<\/div>\n\t\t\t\t<\/div>\n\t\t\t\t\t<\/div>\n\t\t<\/div>\n\t\t\t\t\t<\/div>\n\t\t<\/section>\n\t\t\t\t<section class=\"elementor-section elementor-top-section elementor-element elementor-element-5527d87 elementor-section-boxed elementor-section-height-default elementor-section-height-default\" data-id=\"5527d87\" data-element_type=\"section\">\n\t\t\t\t\t\t<div class=\"elementor-container elementor-column-gap-default\">\n\t\t\t\t\t<div class=\"elementor-column elementor-col-100 elementor-top-column elementor-element elementor-element-e17f6da\" data-id=\"e17f6da\" data-element_type=\"column\">\n\t\t\t<div class=\"elementor-widget-wrap elementor-element-populated\">\n\t\t\t\t\t\t<div class=\"elementor-element elementor-element-04e7a82 elementor-widget elementor-widget-text-editor\" data-id=\"04e7a82\" data-element_type=\"widget\" data-widget_type=\"text-editor.default\">\n\t\t\t\t<div class=\"elementor-widget-container\">\n\t\t\t\t\t\t\t<p>Dessin : Boris Pointe 1992 &#8211; 2017<\/p>\t\t\t\t\t\t<\/div>\n\t\t\t\t<\/div>\n\t\t\t\t\t<\/div>\n\t\t<\/div>\n\t\t\t\t\t<\/div>\n\t\t<\/section>\n\t\t\t\t<section class=\"elementor-section elementor-top-section elementor-element elementor-element-6ee8803 elementor-section-boxed elementor-section-height-default elementor-section-height-default\" data-id=\"6ee8803\" data-element_type=\"section\">\n\t\t\t\t\t\t<div class=\"elementor-container elementor-column-gap-default\">\n\t\t\t\t\t<div class=\"elementor-column elementor-col-100 elementor-top-column elementor-element elementor-element-a6ea196\" data-id=\"a6ea196\" data-element_type=\"column\">\n\t\t\t<div class=\"elementor-widget-wrap elementor-element-populated\">\n\t\t\t\t\t\t<div class=\"elementor-element elementor-element-2e4cb3d elementor-widget elementor-widget-image\" data-id=\"2e4cb3d\" data-element_type=\"widget\" data-widget_type=\"image.default\">\n\t\t\t\t<div class=\"elementor-widget-container\">\n\t\t\t\t\t\t\t\t\t\t\t\t\t<img loading=\"lazy\" decoding=\"async\" width=\"150\" height=\"150\" src=\"https:\/\/lea-osteopathie.fr\/wp-content\/uploads\/2023\/10\/illsutration-Marie-bassin-150x150.png\" class=\"attachment-thumbnail size-thumbnail wp-image-1216\" alt=\"\" srcset=\"https:\/\/lea-osteopathie.fr\/wp-content\/uploads\/2023\/10\/illsutration-Marie-bassin-150x150.png 150w, https:\/\/lea-osteopathie.fr\/wp-content\/uploads\/2023\/10\/illsutration-Marie-bassin-300x300.png 300w, https:\/\/lea-osteopathie.fr\/wp-content\/uploads\/2023\/10\/illsutration-Marie-bassin.png 500w\" sizes=\"(max-width: 150px) 100vw, 150px\" \/>\t\t\t\t\t\t\t\t\t\t\t\t\t<\/div>\n\t\t\t\t<\/div>\n\t\t\t\t\t<\/div>\n\t\t<\/div>\n\t\t\t\t\t<\/div>\n\t\t<\/section>\n\t\t\t\t<section class=\"elementor-section elementor-top-section elementor-element elementor-element-902e347 elementor-section-boxed elementor-section-height-default elementor-section-height-default\" data-id=\"902e347\" data-element_type=\"section\">\n\t\t\t\t\t\t<div class=\"elementor-container elementor-column-gap-default\">\n\t\t\t\t\t<div class=\"elementor-column elementor-col-100 elementor-top-column elementor-element elementor-element-a1c2193\" data-id=\"a1c2193\" data-element_type=\"column\">\n\t\t\t<div class=\"elementor-widget-wrap elementor-element-populated\">\n\t\t\t\t\t\t<div class=\"elementor-element elementor-element-bc1e42b elementor-widget elementor-widget-text-editor\" data-id=\"bc1e42b\" data-element_type=\"widget\" data-widget_type=\"text-editor.default\">\n\t\t\t\t<div class=\"elementor-widget-container\">\n\t\t\t\t\t\t\t<p>Suivez nous sur les r\u00e9seaux sociaux\u00a0<\/p>\t\t\t\t\t\t<\/div>\n\t\t\t\t<\/div>\n\t\t\t\t\t<\/div>\n\t\t<\/div>\n\t\t\t\t\t<\/div>\n\t\t<\/section>\n\t\t\t\t<section class=\"elementor-section elementor-top-section elementor-element elementor-element-1978c31 elementor-section-boxed elementor-section-height-default elementor-section-height-default\" data-id=\"1978c31\" data-element_type=\"section\">\n\t\t\t\t\t\t<div class=\"elementor-container elementor-column-gap-default\">\n\t\t\t\t\t<div class=\"elementor-column elementor-col-100 elementor-top-column elementor-element elementor-element-f131adc\" data-id=\"f131adc\" data-element_type=\"column\">\n\t\t\t<div class=\"elementor-widget-wrap elementor-element-populated\">\n\t\t\t\t\t\t<div class=\"elementor-element elementor-element-3ba92f9 elementor-shape-rounded elementor-grid-0 e-grid-align-center elementor-widget elementor-widget-social-icons\" data-id=\"3ba92f9\" data-element_type=\"widget\" data-widget_type=\"social-icons.default\">\n\t\t\t\t<div class=\"elementor-widget-container\">\n\t\t\t\t\t<div class=\"elementor-social-icons-wrapper elementor-grid\">\n\t\t\t\t\t\t\t<span class=\"elementor-grid-item\">\n\t\t\t\t\t<a class=\"elementor-icon elementor-social-icon elementor-social-icon-instagram elementor-repeater-item-4a517dd\" href=\"https:\/\/www.instagram.com\/osteosens35?igsh=MXdjcnptejY4ZHNwcw==\" target=\"_blank\">\n\t\t\t\t\t\t<span class=\"elementor-screen-only\">Instagram<\/span>\n\t\t\t\t\t\t<i class=\"fab fa-instagram\"><\/i>\t\t\t\t\t<\/a>\n\t\t\t\t<\/span>\n\t\t\t\t\t<\/div>\n\t\t\t\t<\/div>\n\t\t\t\t<\/div>\n\t\t\t\t\t<\/div>\n\t\t<\/div>\n\t\t\t\t\t<\/div>\n\t\t<\/section>\n\t\t\t\t<\/div>\n\t\t","protected":false},"excerpt":{"rendered":"<p>Bienvenue au Cabinet Ost\u00e9oSens Photo: Lucile Aur\u00e9gan\u00a0 Nous avons le plaisir de vous accueillir au cabinet param\u00e9dical des portes du golf et de prendre soin de vous.\u00a0 L\u00e9a &amp; Mika\u00ebl Photo: Lucile Aur\u00e9gan CONSULTATIONS SUR RENDEZ-VOUS Doctolib ou au 0651359765\u00a0 Prendre rendez-vous \u00ab\u00a0Le devoir du praticien n&rsquo;est pas de gu\u00e9rir le malade mais d&rsquo;ajuster une [&hellip;]<\/p>\n","protected":false},"author":1,"featured_media":0,"parent":0,"menu_order":0,"comment_status":"closed","ping_status":"closed","template":"","meta":{"footnotes":""},"class_list":["post-41","page","type-page","status-publish","hentry","entry"],"_links":{"self":[{"href":"https:\/\/lea-osteopathie.fr\/index.php?rest_route=\/wp\/v2\/pages\/41","targetHints":{"allow":["GET"]}}],"collection":[{"href":"https:\/\/lea-osteopathie.fr\/index.php?rest_route=\/wp\/v2\/pages"}],"about":[{"href":"https:\/\/lea-osteopathie.fr\/index.php?rest_route=\/wp\/v2\/types\/page"}],"author":[{"embeddable":true,"href":"https:\/\/lea-osteopathie.fr\/index.php?rest_route=\/wp\/v2\/users\/1"}],"replies":[{"embeddable":true,"href":"https:\/\/lea-osteopathie.fr\/index.php?rest_route=%2Fwp%2Fv2%2Fcomments&post=41"}],"version-history":[{"count":74,"href":"https:\/\/lea-osteopathie.fr\/index.php?rest_route=\/wp\/v2\/pages\/41\/revisions"}],"predecessor-version":[{"id":1712,"href":"https:\/\/lea-osteopathie.fr\/index.php?rest_route=\/wp\/v2\/pages\/41\/revisions\/1712"}],"wp:attachment":[{"href":"https:\/\/lea-osteopathie.fr\/index.php?rest_route=%2Fwp%2Fv2%2Fmedia&parent=41"}],"curies":[{"name":"wp","href":"https:\/\/api.w.org\/{rel}","templated":true}]}}